{"id":1413,"date":"2018-08-08T13:06:43","date_gmt":"2018-08-08T16:06:43","guid":{"rendered":"http:\/\/rehabitare.direito.ufmg.br\/?page_id=1413"},"modified":"2024-10-11T11:15:45","modified_gmt":"2024-10-11T14:15:45","slug":"guia","status":"publish","type":"page","link":"https:\/\/rehabitare.direito.ufmg.br\/?page_id=1413","title":{"rendered":"PUBLICA\u00c7\u00d5ES RE-HABITARE"},"content":{"rendered":"\t\t<div data-elementor-type=\"wp-page\" data-elementor-id=\"1413\" class=\"elementor elementor-1413\">\n\t\t\t\t<div class=\"elementor-element elementor-element-119fa7d e-grid e-con-boxed e-con e-parent\" data-id=\"119fa7d\" data-element_type=\"container\">\n\t\t\t\t\t<div class=\"e-con-inner\">\n\t\t<div class=\"elementor-element elementor-element-cdc78a8 e-con-full e-flex e-con e-child\" data-id=\"cdc78a8\" data-element_type=\"container\">\n\t\t\t\t<div class=\"elementor-element elementor-element-7f2a76a elementor-widget-mobile__width-initial elementor-widget elementor-widget-image\" data-id=\"7f2a76a\" data-element_type=\"widget\" data-widget_type=\"image.default\">\n\t\t\t\t<div class=\"elementor-widget-container\">\n\t\t\t\t\t\t\t\t\t\t\t\t\t<img fetchpriority=\"high\" decoding=\"async\" width=\"724\" height=\"1024\" src=\"https:\/\/rehabitare.direito.ufmg.br\/wp-content\/uploads\/2024\/10\/TEMAS-DO-DIREITO-A-MORADIA-2-1-724x1024.png\" class=\"attachment-large size-large wp-image-4384\" alt=\"\" srcset=\"https:\/\/rehabitare.direito.ufmg.br\/wp-content\/uploads\/2024\/10\/TEMAS-DO-DIREITO-A-MORADIA-2-1-724x1024.png 724w, https:\/\/rehabitare.direito.ufmg.br\/wp-content\/uploads\/2024\/10\/TEMAS-DO-DIREITO-A-MORADIA-2-1-212x300.png 212w, https:\/\/rehabitare.direito.ufmg.br\/wp-content\/uploads\/2024\/10\/TEMAS-DO-DIREITO-A-MORADIA-2-1-768x1086.png 768w, https:\/\/rehabitare.direito.ufmg.br\/wp-content\/uploads\/2024\/10\/TEMAS-DO-DIREITO-A-MORADIA-2-1-1086x1536.png 1086w, https:\/\/rehabitare.direito.ufmg.br\/wp-content\/uploads\/2024\/10\/TEMAS-DO-DIREITO-A-MORADIA-2-1.png 1414w\" sizes=\"(max-width: 724px) 100vw, 724px\" \/>\t\t\t\t\t\t\t\t\t\t\t\t\t<\/div>\n\t\t\t\t<\/div>\n\t\t\t\t<div class=\"elementor-element elementor-element-473c4e1 elementor-widget elementor-widget-text-editor\" data-id=\"473c4e1\" data-element_type=\"widget\" data-widget_type=\"text-editor.default\">\n\t\t\t\t<div class=\"elementor-widget-container\">\n\t\t\t\t\t\t\t<p style=\"text-align: center;\"><span style=\"font-size: 12pt;\"><a href=\"https:\/\/acrobat.adobe.com\/id\/urn:aaid:sc:US:f4834200-2d79-448b-b983-3b815817f4d8\" target=\"_blank\" rel=\"noopener\">Temas de Direito \u00e0 Moradia. vol 1<\/a><\/span><\/p>\t\t\t\t\t\t<\/div>\n\t\t\t\t<\/div>\n\t\t\t\t<\/div>\n\t\t<div class=\"elementor-element elementor-element-707b803 e-con-full e-flex e-con e-child\" data-id=\"707b803\" data-element_type=\"container\">\n\t\t\t\t<div class=\"elementor-element elementor-element-43e9daf elementor-widget__width-initial elementor-widget-mobile__width-initial elementor-widget elementor-widget-image\" data-id=\"43e9daf\" data-element_type=\"widget\" data-widget_type=\"image.default\">\n\t\t\t\t<div class=\"elementor-widget-container\">\n\t\t\t\t\t\t\t\t\t\t\t\t\t<img decoding=\"async\" src=\"http:\/\/rehabitare.direito.ufmg.br\/wp-content\/uploads\/2020\/08\/C%C3%B3pia-de-Blue-and-White-Building-Autobiography-Book-Cover-188x300.png\" title=\"\" alt=\"\" loading=\"lazy\" \/>\t\t\t\t\t\t\t\t\t\t\t\t\t<\/div>\n\t\t\t\t<\/div>\n\t\t\t\t<div class=\"elementor-element elementor-element-8754e4e elementor-widget elementor-widget-text-editor\" data-id=\"8754e4e\" data-element_type=\"widget\" data-widget_type=\"text-editor.default\">\n\t\t\t\t<div class=\"elementor-widget-container\">\n\t\t\t\t\t\t\t<p style=\"text-align: center;\"><span style=\"font-size: 12pt;\"><a href=\"https:\/\/www.bu.ufmg.br\/imagem\/000023\/000023e8.pdf\" target=\"_blank\" rel=\"noopener\">Remo\u00e7\u00f5es For\u00e7adas e a Administra\u00e7\u00e3o P\u00fablica<\/a><\/span><\/p>\t\t\t\t\t\t<\/div>\n\t\t\t\t<\/div>\n\t\t\t\t<\/div>\n\t\t<div class=\"elementor-element elementor-element-634ca57 e-con-full e-flex e-con e-child\" data-id=\"634ca57\" data-element_type=\"container\">\n\t\t\t\t<div class=\"elementor-element elementor-element-ffeb152 elementor-widget__width-initial elementor-widget-mobile__width-initial elementor-widget elementor-widget-image\" data-id=\"ffeb152\" data-element_type=\"widget\" data-widget_type=\"image.default\">\n\t\t\t\t<div class=\"elementor-widget-container\">\n\t\t\t\t\t\t\t\t\t\t\t\t\t<img decoding=\"async\" src=\"http:\/\/rehabitare.direito.ufmg.br\/wp-content\/uploads\/2018\/07\/1.png\" title=\"\" alt=\"\" loading=\"lazy\" \/>\t\t\t\t\t\t\t\t\t\t\t\t\t<\/div>\n\t\t\t\t<\/div>\n\t\t\t\t<div class=\"elementor-element elementor-element-42ffc38 elementor-widget elementor-widget-text-editor\" data-id=\"42ffc38\" data-element_type=\"widget\" data-widget_type=\"text-editor.default\">\n\t\t\t\t<div class=\"elementor-widget-container\">\n\t\t\t\t\t\t\t<p style=\"text-align: center;\"><span style=\"font-size: 12pt;\"><a href=\"https:\/\/rehabitare.direito.ufmg.br\/wp-content\/uploads\/2020\/07\/GUIA-FINAL.pdf\" target=\"_blank\" rel=\"noopener\">Guia Remo\u00e7\u00f5es For\u00e7adas<\/a><\/span><\/p>\t\t\t\t\t\t<\/div>\n\t\t\t\t<\/div>\n\t\t\t\t<\/div>\n\t\t<div class=\"elementor-element elementor-element-b5815b5 e-con-full e-flex e-con e-child\" data-id=\"b5815b5\" data-element_type=\"container\">\n\t\t\t\t<div class=\"elementor-element elementor-element-617ceba elementor-widget__width-initial elementor-widget elementor-widget-image\" data-id=\"617ceba\" data-element_type=\"widget\" data-widget_type=\"image.default\">\n\t\t\t\t<div class=\"elementor-widget-container\">\n\t\t\t\t\t\t\t\t\t\t\t\t\t<img decoding=\"async\" src=\"http:\/\/rehabitare.direito.ufmg.br\/wp-content\/uploads\/2022\/02\/Capa-final-1-212x300.png\" title=\"\" alt=\"\" loading=\"lazy\" \/>\t\t\t\t\t\t\t\t\t\t\t\t\t<\/div>\n\t\t\t\t<\/div>\n\t\t\t\t<div class=\"elementor-element elementor-element-72c3538 elementor-widget elementor-widget-text-editor\" data-id=\"72c3538\" data-element_type=\"widget\" data-widget_type=\"text-editor.default\">\n\t\t\t\t<div class=\"elementor-widget-container\">\n\t\t\t\t\t\t\t<p style=\"text-align: center;\"><span style=\"font-size: 12pt;\"><a href=\"https:\/\/acrobat.adobe.com\/link\/track?uri=urn:aaid:scds:US:69ae400d-d473-4f6a-a8fe-0932377513b7\" target=\"_blank\" rel=\"noopener\">A Popula\u00e7\u00e3o em Situa\u00e7\u00e3o de Rua e a Quest\u00e3o da Moradia<\/a><\/span><\/p>\t\t\t\t\t\t<\/div>\n\t\t\t\t<\/div>\n\t\t\t\t<\/div>\n\t\t<div class=\"elementor-element elementor-element-fb36fad e-con-full e-flex e-con e-child\" data-id=\"fb36fad\" data-element_type=\"container\">\n\t\t\t\t<div class=\"elementor-element elementor-element-bf482a4 elementor-widget elementor-widget-image\" data-id=\"bf482a4\" data-element_type=\"widget\" data-widget_type=\"image.default\">\n\t\t\t\t<div class=\"elementor-widget-container\">\n\t\t\t\t\t\t\t\t\t\t\t\t\t<img decoding=\"async\" src=\"http:\/\/rehabitare.direito.ufmg.br\/wp-content\/uploads\/2019\/12\/ANAIS-208x300.png\" title=\"\" alt=\"\" loading=\"lazy\" \/>\t\t\t\t\t\t\t\t\t\t\t\t\t<\/div>\n\t\t\t\t<\/div>\n\t\t\t\t<div class=\"elementor-element elementor-element-c203154 elementor-widget elementor-widget-text-editor\" data-id=\"c203154\" data-element_type=\"widget\" data-widget_type=\"text-editor.default\">\n\t\t\t\t<div class=\"elementor-widget-container\">\n\t\t\t\t\t\t\t<p style=\"text-align: center;\"><span style=\"font-size: 12pt;\"><a href=\"https:\/\/drive.google.com\/file\/d\/1zxCqRu7YfpooUIovbWuKwzVxUvcj-oAS\/view?usp=sharing\" target=\"_blank\" rel=\"noopener\">Anais do 1\u00ba Semin\u00e1rio Amazonense Do Direito \u00e0 Cidade<\/a><\/span><\/p>\t\t\t\t\t\t<\/div>\n\t\t\t\t<\/div>\n\t\t\t\t<\/div>\n\t\t<div class=\"elementor-element elementor-element-ccd805e e-con-full e-flex e-con e-child\" data-id=\"ccd805e\" data-element_type=\"container\">\n\t\t\t\t<\/div>\n\t\t\t\t\t<\/div>\n\t\t\t\t<\/div>\n\t\t\t\t<\/div>\n\t\t","protected":false},"excerpt":{"rendered":"<p>Temas de Direito \u00e0 Moradia. vol 1 Remo\u00e7\u00f5es For\u00e7adas e a Administra\u00e7\u00e3o P\u00fablica Guia Remo\u00e7\u00f5es For\u00e7adas A Popula\u00e7\u00e3o em Situa\u00e7\u00e3o de Rua e a Quest\u00e3o [&hellip;] <span class=\"read-more-link\"><a class=\"read-more\" href=\"https:\/\/rehabitare.direito.ufmg.br\/?page_id=1413\">Read More<\/a><\/span><\/p>\n","protected":false},"author":1,"featured_media":0,"parent":0,"menu_order":0,"comment_status":"closed","ping_status":"closed","template":"","meta":{"footnotes":""},"class_list":["post-1413","page","type-page","status-publish","hentry"],"_links":{"self":[{"href":"https:\/\/rehabitare.direito.ufmg.br\/index.php?rest_route=\/wp\/v2\/pages\/1413"}],"collection":[{"href":"https:\/\/rehabitare.direito.ufmg.br\/index.php?rest_route=\/wp\/v2\/pages"}],"about":[{"href":"https:\/\/rehabitare.direito.ufmg.br\/index.php?rest_route=\/wp\/v2\/types\/page"}],"author":[{"embeddable":true,"href":"https:\/\/rehabitare.direito.ufmg.br\/index.php?rest_route=\/wp\/v2\/users\/1"}],"replies":[{"embeddable":true,"href":"https:\/\/rehabitare.direito.ufmg.br\/index.php?rest_route=%2Fwp%2Fv2%2Fcomments&post=1413"}],"version-history":[{"count":53,"href":"https:\/\/rehabitare.direito.ufmg.br\/index.php?rest_route=\/wp\/v2\/pages\/1413\/revisions"}],"predecessor-version":[{"id":4388,"href":"https:\/\/rehabitare.direito.ufmg.br\/index.php?rest_route=\/wp\/v2\/pages\/1413\/revisions\/4388"}],"wp:attachment":[{"href":"https:\/\/rehabitare.direito.ufmg.br\/index.php?rest_route=%2Fwp%2Fv2%2Fmedia&parent=1413"}],"curies":[{"name":"wp","href":"https:\/\/api.w.org\/{rel}","templated":true}]}}