{"id":1708,"date":"2018-08-30T09:46:55","date_gmt":"2018-08-30T12:46:55","guid":{"rendered":"http:\/\/rehabitare.direito.ufmg.br\/?page_id=1708"},"modified":"2022-06-09T20:48:34","modified_gmt":"2022-06-09T23:48:34","slug":"relatorios-documentos-onu","status":"publish","type":"page","link":"https:\/\/rehabitare.direito.ufmg.br\/?page_id=1708","title":{"rendered":"RELAT\u00d3RIOS\/DOCUMENTOS ONU"},"content":{"rendered":"<p style=\"text-align: justify;\"><a href=\"http:\/\/www.direitoamoradia.fau.usp.br\/?p=22343&amp;lang=pt\" target=\"_blank\" rel=\"noopener\"><span style=\"font-weight: 400;\">Declara\u00e7\u00e3o oficial da Relatora Especial sobre o direito humano \u00e0 \u00e1gua e saneamento, Catarina de Albuquerque, ao finalizar a sua visita ao Brasil realizada entre 9 e 19 de dezembro de 2013<\/span><\/a><\/p>\n<p style=\"text-align: justify;\"><a href=\"https:\/\/www.ohchr.org\/sites\/default\/files\/Documents\/Issues\/Water\/Handbook\/Book6_Justice_pt.pdf\" target=\"_blank\" rel=\"noopener\">Manual pr\u00e1tico para a realiza\u00e7\u00e3o dos direitos humanos \u00e0 \u00e1gua e ao saneamento pela relatora especial da onu, Catarina de Albuquerque: Acesso \u00e0 justi\u00e7a por viola\u00e7\u00f5es dos direitos humanos \u00e0 \u00e1gua e ao saneamento<\/a><\/p>\n<p><a href=\"https:\/\/www.ohchr.org\/sites\/default\/files\/Documents\/Issues\/Housing\/Handbook_Portuguese.pdf\" target=\"_blank\" rel=\"noopener\">Princ\u00edpios b\u00e1sicos e directrizes sobre as expuls\u00f5es e o deslocamento com origem no desenvolvimento\u00a0<\/a><\/p>\n<p style=\"text-align: justify;\"><a href=\"https:\/\/www.ohchr.org\/sites\/default\/files\/Documents\/Issues\/Housing\/SRHousing_Statement_CaboVerdePO.pdf\" target=\"_blank\" rel=\"noopener\"><span style=\"font-weight: 400;\">Relatoria especial sobre habita\u00e7\u00e3o condigna como direito integrante a um n\u00edvel de vida adequado e ao direito \u00e0 n\u00e3o-discrimina\u00e7\u00e3o neste contexto<\/span><\/a><\/p>\n<p style=\"text-align: justify;\"><a href=\"http:\/\/www.direitoamoradia.fau.usp.br\/wp-content\/uploads\/2013\/08\/ResponseBrasil25.06.13.pdf\" target=\"_blank\" rel=\"noopener\"><span style=\"font-weight: 400;\">Respostas ao Question\u00e1rio sobre \u201cSeguran\u00e7a da Posse\u201d, apresentado pela Relatora Especial sobre Moradia Adequada, Raquel Rolnik.<\/span><\/a><\/p>\n","protected":false},"excerpt":{"rendered":"<p>Declara\u00e7\u00e3o oficial da Relatora Especial sobre o direito humano \u00e0 \u00e1gua e saneamento, Catarina de Albuquerque, ao finalizar a sua visita ao Brasil realizada entre [&hellip;] <span class=\"read-more-link\"><a class=\"read-more\" href=\"https:\/\/rehabitare.direito.ufmg.br\/?page_id=1708\">Read More<\/a><\/span><\/p>\n","protected":false},"author":1,"featured_media":0,"parent":0,"menu_order":0,"comment_status":"closed","ping_status":"closed","template":"","meta":{"footnotes":""},"class_list":["post-1708","page","type-page","status-publish","hentry"],"_links":{"self":[{"href":"https:\/\/rehabitare.direito.ufmg.br\/index.php?rest_route=\/wp\/v2\/pages\/1708"}],"collection":[{"href":"https:\/\/rehabitare.direito.ufmg.br\/index.php?rest_route=\/wp\/v2\/pages"}],"about":[{"href":"https:\/\/rehabitare.direito.ufmg.br\/index.php?rest_route=\/wp\/v2\/types\/page"}],"author":[{"embeddable":true,"href":"https:\/\/rehabitare.direito.ufmg.br\/index.php?rest_route=\/wp\/v2\/users\/1"}],"replies":[{"embeddable":true,"href":"https:\/\/rehabitare.direito.ufmg.br\/index.php?rest_route=%2Fwp%2Fv2%2Fcomments&post=1708"}],"version-history":[{"count":9,"href":"https:\/\/rehabitare.direito.ufmg.br\/index.php?rest_route=\/wp\/v2\/pages\/1708\/revisions"}],"predecessor-version":[{"id":1721,"href":"https:\/\/rehabitare.direito.ufmg.br\/index.php?rest_route=\/wp\/v2\/pages\/1708\/revisions\/1721"}],"wp:attachment":[{"href":"https:\/\/rehabitare.direito.ufmg.br\/index.php?rest_route=%2Fwp%2Fv2%2Fmedia&parent=1708"}],"curies":[{"name":"wp","href":"https:\/\/api.w.org\/{rel}","templated":true}]}}