{"id":172,"date":"2018-01-17T12:38:40","date_gmt":"2018-01-17T14:38:40","guid":{"rendered":"http:\/\/150.164.250.80\/rehabitare\/?page_id=172"},"modified":"2018-04-13T14:22:47","modified_gmt":"2018-04-13T17:22:47","slug":"objetivos","status":"publish","type":"page","link":"https:\/\/rehabitare.direito.ufmg.br\/?page_id=172","title":{"rendered":"Objetivos"},"content":{"rendered":"<p style=\"text-align: justify;\"><span style=\"font-weight: 400;\">A <\/span><b>Plataforma pelo Direito \u00e0 Moradia Adequada<\/b><span style=\"font-weight: 400;\"> \u00e9 parte integrante do trabalho do grupo de Pesquisa e Extens\u00e3o RE-HABITARE, da Faculdade de Direito e Ci\u00eancias do Estado\/UFMG, e tem por objetivo proporcionar o acesso p\u00fablico a dados sobre o direito \u00e0 moradia adequada &#8211; em especial sobre a Regi\u00e3o Metropolitana de Belo Horizonte.<\/span><\/p>\n<p style=\"text-align: justify;\"><span style=\"font-weight: 400;\">Diante da import\u00e2ncia do debate sobre moradia, a plataforma digital se coloca como instrumento de capacita\u00e7\u00e3o e pesquisa para interessados na tem\u00e1tica, possibilitando acesso democr\u00e1tico \u00e0 p\u00fablico amplo e diverso tal como moradores de ocupa\u00e7\u00e3o; movimentos de luta por moradia; advogados populares; defensores p\u00fablicos; promotores de justi\u00e7a; gestores p\u00fablicos; estudantes de gradua\u00e7\u00e3o; e estudantes de p\u00f3s-gradua\u00e7\u00e3o. Atuando de modo a possibilitar uma amplia\u00e7\u00e3o do conhecimento acad\u00eamico a todas as camadas da sociedade por meio do acesso \u00e0 internet. <\/span><\/p>\n","protected":false},"excerpt":{"rendered":"<p>A Plataforma pelo Direito \u00e0 Moradia Adequada \u00e9 parte integrante do trabalho do grupo de Pesquisa e Extens\u00e3o RE-HABITARE, da Faculdade de Direito e Ci\u00eancias [&hellip;] <span class=\"read-more-link\"><a class=\"read-more\" href=\"https:\/\/rehabitare.direito.ufmg.br\/?page_id=172\">Read More<\/a><\/span><\/p>\n","protected":false},"author":1,"featured_media":0,"parent":0,"menu_order":0,"comment_status":"closed","ping_status":"closed","template":"","meta":{"footnotes":""},"class_list":["post-172","page","type-page","status-publish","hentry"],"_links":{"self":[{"href":"https:\/\/rehabitare.direito.ufmg.br\/index.php?rest_route=\/wp\/v2\/pages\/172"}],"collection":[{"href":"https:\/\/rehabitare.direito.ufmg.br\/index.php?rest_route=\/wp\/v2\/pages"}],"about":[{"href":"https:\/\/rehabitare.direito.ufmg.br\/index.php?rest_route=\/wp\/v2\/types\/page"}],"author":[{"embeddable":true,"href":"https:\/\/rehabitare.direito.ufmg.br\/index.php?rest_route=\/wp\/v2\/users\/1"}],"replies":[{"embeddable":true,"href":"https:\/\/rehabitare.direito.ufmg.br\/index.php?rest_route=%2Fwp%2Fv2%2Fcomments&post=172"}],"version-history":[{"count":6,"href":"https:\/\/rehabitare.direito.ufmg.br\/index.php?rest_route=\/wp\/v2\/pages\/172\/revisions"}],"predecessor-version":[{"id":1242,"href":"https:\/\/rehabitare.direito.ufmg.br\/index.php?rest_route=\/wp\/v2\/pages\/172\/revisions\/1242"}],"wp:attachment":[{"href":"https:\/\/rehabitare.direito.ufmg.br\/index.php?rest_route=%2Fwp%2Fv2%2Fmedia&parent=172"}],"curies":[{"name":"wp","href":"https:\/\/api.w.org\/{rel}","templated":true}]}}