{"id":204,"date":"2018-01-17T12:48:20","date_gmt":"2018-01-17T14:48:20","guid":{"rendered":"http:\/\/150.164.250.80\/rehabitare\/?page_id=204"},"modified":"2018-06-21T15:08:29","modified_gmt":"2018-06-21T18:08:29","slug":"quem-somos","status":"publish","type":"page","link":"https:\/\/rehabitare.direito.ufmg.br\/?page_id=204","title":{"rendered":"Sobre"},"content":{"rendered":"<p style=\"text-align: justify;\"><span style=\"font-weight: 400;\">O <strong>RE-HABITARE<\/strong> \u00e9 um Grupo de Pesquisa e Extens\u00e3o da Faculdade de Direito e Ci\u00eancias do Estado da UFMG e pretende consolidar um espa\u00e7o permanente e interdisciplinar composto de estudantes, professores e demais pesquisadores, de modo a construir mecanismos que possibilitem a concretiza\u00e7\u00e3o do usufruto equitativo e da democracia na cidade.<\/span><\/p>\n<p style=\"text-align: justify;\"><span style=\"font-weight: 400;\">A <strong>PLATAFORMA PELO DIREITO \u00c0 MORADIA ADEQUADA<\/strong> \u00e9 uma iniciativa de<\/span>\u00a0extens\u00e3o com enfoque na tem\u00e1tica de direito \u00e0 moradia adequada, tendo surgido para atender uma necessidade de sistematiza\u00e7\u00e3o do conhecimento que vem sendo produzido sobre o assunto por v\u00e1rios grupos e institutos de pesquisa em uma plataforma de f\u00e1cil acesso p\u00fablico. A plataforma \u00e9 direcionada a grupos diversos como, moradores de ocupa\u00e7\u00f5es, movimentos de luta por moradia, advogados populares, defensores p\u00fablicos, promotores de justi\u00e7a, gestores p\u00fablicos, estudantes de gradua\u00e7\u00e3o e de p\u00f3s-gradua\u00e7\u00e3o.<\/p>\n<p style=\"text-align: justify;\">\n","protected":false},"excerpt":{"rendered":"<p>O RE-HABITARE \u00e9 um Grupo de Pesquisa e Extens\u00e3o da Faculdade de Direito e Ci\u00eancias do Estado da UFMG e pretende consolidar um espa\u00e7o permanente [&hellip;] <span class=\"read-more-link\"><a class=\"read-more\" href=\"https:\/\/rehabitare.direito.ufmg.br\/?page_id=204\">Read More<\/a><\/span><\/p>\n","protected":false},"author":1,"featured_media":1450,"parent":0,"menu_order":0,"comment_status":"closed","ping_status":"closed","template":"","meta":{"footnotes":""},"class_list":["post-204","page","type-page","status-publish","has-post-thumbnail","hentry"],"_links":{"self":[{"href":"https:\/\/rehabitare.direito.ufmg.br\/index.php?rest_route=\/wp\/v2\/pages\/204"}],"collection":[{"href":"https:\/\/rehabitare.direito.ufmg.br\/index.php?rest_route=\/wp\/v2\/pages"}],"about":[{"href":"https:\/\/rehabitare.direito.ufmg.br\/index.php?rest_route=\/wp\/v2\/types\/page"}],"author":[{"embeddable":true,"href":"https:\/\/rehabitare.direito.ufmg.br\/index.php?rest_route=\/wp\/v2\/users\/1"}],"replies":[{"embeddable":true,"href":"https:\/\/rehabitare.direito.ufmg.br\/index.php?rest_route=%2Fwp%2Fv2%2Fcomments&post=204"}],"version-history":[{"count":13,"href":"https:\/\/rehabitare.direito.ufmg.br\/index.php?rest_route=\/wp\/v2\/pages\/204\/revisions"}],"predecessor-version":[{"id":1452,"href":"https:\/\/rehabitare.direito.ufmg.br\/index.php?rest_route=\/wp\/v2\/pages\/204\/revisions\/1452"}],"wp:featuredmedia":[{"embeddable":true,"href":"https:\/\/rehabitare.direito.ufmg.br\/index.php?rest_route=\/wp\/v2\/media\/1450"}],"wp:attachment":[{"href":"https:\/\/rehabitare.direito.ufmg.br\/index.php?rest_route=%2Fwp%2Fv2%2Fmedia&parent=204"}],"curies":[{"name":"wp","href":"https:\/\/api.w.org\/{rel}","templated":true}]}}