{"id":230,"date":"2018-01-17T13:09:38","date_gmt":"2018-01-17T15:09:38","guid":{"rendered":"http:\/\/150.164.250.80\/rehabitare\/?page_id=230"},"modified":"2018-04-19T12:40:58","modified_gmt":"2018-04-19T15:40:58","slug":"usucapiao","status":"publish","type":"page","link":"https:\/\/rehabitare.direito.ufmg.br\/?page_id=230","title":{"rendered":"Usucapi\u00e3o"},"content":{"rendered":"<p style=\"text-align: justify;\"><span style=\"font-weight: 400;\">Aquele que possuir como sua \u00e1rea ou edifica\u00e7\u00e3o urbana de at\u00e9 duzentos e cinq\u00fcenta metros quadrados, por cinco anos, ininterruptamente e sem oposi\u00e7\u00e3o, utilizando-a para sua moradia ou de sua fam\u00edlia, adquirir-lhe-\u00e1 o dom\u00ednio, desde que n\u00e3o seja propriet\u00e1rio de outro im\u00f3vel urbano ou rural.<\/span><\/p>\n<p style=\"text-align: justify;\"><span style=\"font-weight: 400;\">BRASIL. LEI N\u00b0 10.257, DE 10 DE JULHO DE 2001. Art. 9\u00b0. Regulamenta os arts. 182 e 183 da Constitui\u00e7\u00e3o Federal, estabelece diretrizes gerais da pol\u00edtica urbana e d\u00e1 outras provid\u00eancias.<\/span><\/p>\n<p>\u00cdntegra da Lei n<span style=\"font-weight: 400;\">\u00b0 10.257, de 10 de Julho de 2001 no site do<\/span>\u00a0\u00a0<a href=\"http:\/\/www.planalto.gov.br\/Ccivil_03\/leis\/LEIS_2001\/L10257.htm\">Planalto.<\/a><\/p>\n\t\t<div class=\"faq-accordion \" id=\"faq-accordion-1\" data-accordion-group data-conf=\"{&quot;single_open&quot;:&quot;true&quot;,&quot;transition_speed&quot;:300}\">\n\t\t\t\t\t\t\t<div data-accordion class=\"faq-main\">\n\t\t\t\t\t<div data-control class=\"faq-title\">\n\t\t\t\t\t\t<h4>Deferidos<\/h4>\n\t\t\t\t\t<\/div>\n\t\t\t\t\t<div data-content>\n\t\t\t\t\t\t\t\t\t\t\t\t<div class=\"faq-content\">\t\t<div class=\"faq-accordion \" id=\"faq-accordion-2\" data-accordion-group data-conf=\"{&quot;single_open&quot;:&quot;true&quot;,&quot;transition_speed&quot;:300}\">\n\t\t\t\t\t\t\t<div data-accordion class=\"faq-main\">\n\t\t\t\t\t<div data-control class=\"faq-title\">\n\t\t\t\t\t\t<h4>Apela\u00e7\u00e3o C\u00edvel | N\u00famero: 1.0017.02.002952-0\/001<\/h4>\n\t\t\t\t\t<\/div>\n\t\t\t\t\t<div data-content>\n\t\t\t\t\t\t\t\t\t\t\t\t<div class=\"faq-content\"><p><b>Apela\u00e7\u00e3o C\u00edvel | N\u00famero: 1.0017.02.002952-0\/001<\/b><\/p>\n<p>C\u00e2mara C\u00edvel: 17\u00aa \u00a0\u00a0\u00a0\u00a0\u00a0\u00a0\u00a0\u00a0\u00a0\u00a0Relator(a): Des. Lucas Pereira<\/p>\n<p>Data de Julgamento: 20\/10\/2005<\/p>\n<p>Data da publica\u00e7\u00e3o da s\u00famula: 24\/11\/2005<\/p>\n<p>Requerente na 1\u00aa inst\u00e2ncia: Vera \u00a0\u00a0\u00a0\u00a0\u00a0\u00a0\u00a0\u00a0\u00a0\u00a0\u00a0\u00a0\u00a0\u00a0\u00a0\u00a0Requerido na 1\u00aa inst\u00e2ncia: Sebastiana<\/p>\n<p>Deferimento do Usucapi\u00e3o: Sim<\/p>\n<p>Votos vencedores: Des. Lucas Pereira, Des. Eduardo Marin\u00e9 da Cunha e Des. Irmar Ferreira Campos<\/p>\n<p>Votos vencidos: N\u00e3o tem<\/p>\n<p>Fundamentos para o Deferimento: Art. 183 da Constitui\u00e7\u00e3o Federal de 1988.<\/p>\n<p>Observa\u00e7\u00f5es: O Tribunal entendeu que foram preenchidos os requisitos constitucionais para a caracteriza\u00e7\u00e3o da usucapi\u00e3o (individual) pro moradia.<\/p>\n<p>Inteiro Teor:\u00a0<a href=\"http:\/\/www4.tjmg.jus.br\/juridico\/sf\/proc_resultado2.jsp?listaProcessos=10024130409295001\" target=\"_blank\" rel=\"noopener\" data-slimstat=\"5\">Clique aqui<\/a><\/p>\n<\/div>\n\t\t\t\t\t<\/div>\n\t\t\t\t<\/div>\n\t\t\t\t\t<\/div>\n\t\n<\/div>\n\t\t\t\t\t<\/div>\n\t\t\t\t<\/div>\n\t\t\t\t\t<\/div>\n\t\n\t\t<div class=\"faq-accordion \" id=\"faq-accordion-3\" data-accordion-group data-conf=\"{&quot;single_open&quot;:&quot;true&quot;,&quot;transition_speed&quot;:300}\">\n\t\t\t\t\t\t\t<div data-accordion class=\"faq-main\">\n\t\t\t\t\t<div data-control class=\"faq-title\">\n\t\t\t\t\t\t<h4>Indeferidos<\/h4>\n\t\t\t\t\t<\/div>\n\t\t\t\t\t<div data-content>\n\t\t\t\t\t\t\t\t\t\t\t\t<div class=\"faq-content\">\t\t<div class=\"faq-accordion \" id=\"faq-accordion-4\" data-accordion-group data-conf=\"{&quot;single_open&quot;:&quot;true&quot;,&quot;transition_speed&quot;:300}\">\n\t\t\t\t\t\t\t<div data-accordion class=\"faq-main\">\n\t\t\t\t\t<div data-control class=\"faq-title\">\n\t\t\t\t\t\t<h4>Agravo de Instrumento | N\u00famero: 1.0024.13.040929-5\/001<\/h4>\n\t\t\t\t\t<\/div>\n\t\t\t\t\t<div data-content>\n\t\t\t\t\t\t\t\t\t\t\t\t<div class=\"faq-content\"><p><b>Agravo de Instrumento | N\u00famero: 1.0024.13.040929-5\/001<\/b><\/p>\n<p>C\u00e2mara C\u00edvel: 6\u00aa \u00a0\u00a0\u00a0\u00a0\u00a0\u00a0\u00a0\u00a0\u00a0\u00a0\u00a0\u00a0\u00a0\u00a0\u00a0Relator(a): Des. Sandra Fonseca<\/p>\n<p>Data de Julgamento: 22\/07\/2014<\/p>\n<p>Data da publica\u00e7\u00e3o da s\u00famula: 05\/08\/2014<\/p>\n<p>Requerente na 1\u00aa inst\u00e2ncia: Defensoria P\u00fablica<\/p>\n<p>Requerido na 1\u00aa inst\u00e2ncia: Munic\u00edpio de Belo Horizonte<\/p>\n<p>Deferimento do Usucapi\u00e3o: N\u00e3o<\/p>\n<p>Votos vencedores: Des. Sandra Fonseca, Des. Corr\u00eaa Junior e Des. Audebert Delage<\/p>\n<p>Votos vencidos: N\u00e3o tem<\/p>\n<p>Fundamentos para o Indeferimento: N\u00e3o tem<\/p>\n<p>Observa\u00e7\u00f5es: Trata-se de \u00e1rea ocupada desde os anos 1930, e que \u00e9 classificada como Zona Especial de Interesse Social. Apesar do Tribunal reconhecer o direito \u00e0 moradia como condi\u00e7\u00e3o essencial para a erradica\u00e7\u00e3o da pobreza, decidiu que n\u00e3o havia elementos para a concess\u00e3o de liminar obrigando o Poder Municipal a realizar a regulariza\u00e7\u00e3o fundi\u00e1ria diante da complexidade do procedimento, e pelo fato do munic\u00edpio j\u00e1 ter iniciado o plano de regulariza\u00e7\u00e3o. O Tribunal entendeu ainda que n\u00e3o h\u00e1 risco de remo\u00e7\u00e3o imediata dos moradores, podendo os moradores se defenderem judicialmente.<\/p>\n<p>Inteiro Teor:\u00a0<a href=\"http:\/\/www4.tjmg.jus.br\/juridico\/sf\/proc_resultado2.jsp?listaProcessos=10024130409295001\" target=\"_blank\" rel=\"noopener\" data-slimstat=\"5\">Clique aqui<\/a><\/p>\n<\/div>\n\t\t\t\t\t<\/div>\n\t\t\t\t<\/div>\n\t\t\t\t\t<\/div>\n\t\n<\/div>\n\t\t\t\t\t<\/div>\n\t\t\t\t<\/div>\n\t\t\t\t\t<\/div>\n\t\n","protected":false},"excerpt":{"rendered":"<p>Aquele que possuir como sua \u00e1rea ou edifica\u00e7\u00e3o urbana de at\u00e9 duzentos e cinq\u00fcenta metros quadrados, por cinco anos, ininterruptamente e sem oposi\u00e7\u00e3o, utilizando-a para [&hellip;] <span class=\"read-more-link\"><a class=\"read-more\" href=\"https:\/\/rehabitare.direito.ufmg.br\/?sp_faq=agravo-de-instrumento-numero-1-0024-13-040929-5-001\">Read More<\/a><\/span><\/p>\n","protected":false},"author":1,"featured_media":0,"parent":0,"menu_order":0,"comment_status":"closed","ping_status":"closed","template":"","meta":{"footnotes":""},"class_list":["post-230","page","type-page","status-publish","hentry"],"_links":{"self":[{"href":"https:\/\/rehabitare.direito.ufmg.br\/index.php?rest_route=\/wp\/v2\/pages\/230"}],"collection":[{"href":"https:\/\/rehabitare.direito.ufmg.br\/index.php?rest_route=\/wp\/v2\/pages"}],"about":[{"href":"https:\/\/rehabitare.direito.ufmg.br\/index.php?rest_route=\/wp\/v2\/types\/page"}],"author":[{"embeddable":true,"href":"https:\/\/rehabitare.direito.ufmg.br\/index.php?rest_route=\/wp\/v2\/users\/1"}],"replies":[{"embeddable":true,"href":"https:\/\/rehabitare.direito.ufmg.br\/index.php?rest_route=%2Fwp%2Fv2%2Fcomments&post=230"}],"version-history":[{"count":7,"href":"https:\/\/rehabitare.direito.ufmg.br\/index.php?rest_route=\/wp\/v2\/pages\/230\/revisions"}],"predecessor-version":[{"id":1269,"href":"https:\/\/rehabitare.direito.ufmg.br\/index.php?rest_route=\/wp\/v2\/pages\/230\/revisions\/1269"}],"wp:attachment":[{"href":"https:\/\/rehabitare.direito.ufmg.br\/index.php?rest_route=%2Fwp%2Fv2%2Fmedia&parent=230"}],"curies":[{"name":"wp","href":"https:\/\/api.w.org\/{rel}","templated":true}]}}