{"id":247,"date":"2018-01-17T13:16:07","date_gmt":"2018-01-17T15:16:07","guid":{"rendered":"http:\/\/150.164.250.80\/rehabitare\/?page_id=247"},"modified":"2018-04-19T12:50:14","modified_gmt":"2018-04-19T15:50:14","slug":"demarcacao-urbanistica","status":"publish","type":"page","link":"https:\/\/rehabitare.direito.ufmg.br\/?page_id=247","title":{"rendered":"Demarca\u00e7\u00e3o Urban\u00edstica"},"content":{"rendered":"<p style=\"text-align: justify;\"><span style=\"font-weight: 400;\">Procedimento destinado a identificar os im\u00f3veis p\u00fablicos e privados abrangidos pelo n\u00facleo urbano informal e a obter a anu\u00eancia dos respectivos titulares de direitos inscritos na matr\u00edcula dos im\u00f3veis ocupados, culminando com averba\u00e7\u00e3o na matr\u00edcula destes im\u00f3veis da viabilidade da regulariza\u00e7\u00e3o fundi\u00e1ria, a ser promovida a crit\u00e9rio do Munic\u00edpio.<\/span><\/p>\n<p style=\"text-align: justify;\">Art. 11 da Lei 13.465\/17<\/p>\n<p style=\"text-align: justify;\"><span style=\"font-weight: 400;\">\u00cdntegra da Lei 13.465 no site <\/span><a href=\"http:\/\/www.planalto.gov.br\/ccivil_03\/_ato2015-2018\/2017\/lei\/L13465.htm\" target=\"_blank\" rel=\"noopener\"><span style=\"font-weight: 400;\">Planalto<\/span><\/a><span style=\"font-weight: 400;\">.<\/span><\/p>\n\t\t<div class=\"faq-accordion \" id=\"faq-accordion-1\" data-accordion-group data-conf=\"{&quot;single_open&quot;:&quot;true&quot;,&quot;transition_speed&quot;:300}\">\n\t\t\t\t\t\t\t<div data-accordion class=\"faq-main\">\n\t\t\t\t\t<div data-control class=\"faq-title\">\n\t\t\t\t\t\t<h4>Deferidos<\/h4>\n\t\t\t\t\t<\/div>\n\t\t\t\t\t<div data-content>\n\t\t\t\t\t\t\t\t\t\t\t\t<div class=\"faq-content\">\t\t<div class=\"faq-accordion \" id=\"faq-accordion-2\" data-accordion-group data-conf=\"{&quot;single_open&quot;:&quot;true&quot;,&quot;transition_speed&quot;:300}\">\n\t\t\t\t\t\t\t<div data-accordion class=\"faq-main\">\n\t\t\t\t\t<div data-control class=\"faq-title\">\n\t\t\t\t\t\t<h4>Apela\u00e7\u00e3o C\u00edvel | N\u00famero: 1.0079.12.024722-0\/001<\/h4>\n\t\t\t\t\t<\/div>\n\t\t\t\t\t<div data-content>\n\t\t\t\t\t\t\t\t\t\t\t\t<div class=\"faq-content\"><p><b>Apela\u00e7\u00e3o C\u00edvel | N\u00famero: 1.0079.12.024722-0\/001<\/b><\/p>\n<p>C\u00e2mara C\u00edvel: 3\u00aa \u00a0\u00a0\u00a0\u00a0\u00a0\u00a0\u00a0\u00a0\u00a0Relator(a): Des. Jair Var\u00e3o<\/p>\n<p>Data de Julgamento: 30\/10\/2014<\/p>\n<p>Data da publica\u00e7\u00e3o da s\u00famula: 12\/11\/2014<\/p>\n<p>Requerente na 1\u00aa inst\u00e2ncia: Minist\u00e9rio P\u00fablico<\/p>\n<p>Requerido na 1\u00aa inst\u00e2ncia: Munic\u00edpio de Contagem<\/p>\n<p>Deferimento da Demarca\u00e7\u00e3o Urban\u00edstica: Sim<\/p>\n<p>Votos vencedores: Des. Jair Var\u00e3o, Des. Jos\u00e9 Antonino Ba\u00eda Borges e Desa. Albergaria Costa<\/p>\n<p>Votos vencidos: N\u00e3o tem<\/p>\n<p>Fundamentos para o Deferimento: Estatuto da Cidade, Lei 11.977 de 2009, Princ\u00edpio da Separa\u00e7\u00e3o dos Poderes, Controle de Constitucionalidade e Dignidade Humana.<\/p>\n<p>Observa\u00e7\u00f5es: Trata-se de a\u00e7\u00e3o civil p\u00fablica proposta pelo Minist\u00e9rio P\u00fablico para que o munic\u00edpio promova a demarca\u00e7\u00e3o urban\u00edstica de loteamento irregular. O Tribunal entendeu que \u00e9 dever do Estado desenvolver programa de regulariza\u00e7\u00e3o fundi\u00e1ria e urbaniza\u00e7\u00e3o de \u00e1reas ocupadas por popula\u00e7\u00e3o de baixa renda, como forma de se garantir dignidade \u00e0 pessoa humana. O Tribunal entendeu ainda que n\u00e3o se aplica a Cl\u00e1usula da Reserva do Poss\u00edvel, pois o Poder P\u00fablico n\u00e3o demonstrou a aus\u00eancia de recursos or\u00e7ament\u00e1rios.<\/p>\n<p>Inteiro Teor: <a href=\"http:\/\/www4.tjmg.jus.br\/juridico\/sf\/proc_resultado2.jsp?listaProcessos=10079120247220001\">Clique aqui<\/a><\/p>\n<\/div>\n\t\t\t\t\t<\/div>\n\t\t\t\t<\/div>\n\t\t\t\t\t<\/div>\n\t\n<\/div>\n\t\t\t\t\t<\/div>\n\t\t\t\t<\/div>\n\t\t\t\t\t<\/div>\n\t\n\t\t<div class=\"faq-accordion \" id=\"faq-accordion-3\" data-accordion-group data-conf=\"{&quot;single_open&quot;:&quot;true&quot;,&quot;transition_speed&quot;:300}\">\n\t\t\t\t\t\t\t<div data-accordion class=\"faq-main\">\n\t\t\t\t\t<div data-control class=\"faq-title\">\n\t\t\t\t\t\t<h4>Indeferidos<\/h4>\n\t\t\t\t\t<\/div>\n\t\t\t\t\t<div data-content>\n\t\t\t\t\t\t\t\t\t\t\t\t<div class=\"faq-content\"><p>N\u00e3o h\u00e1 julgados.<\/p>\n<\/div>\n\t\t\t\t\t<\/div>\n\t\t\t\t<\/div>\n\t\t\t\t\t<\/div>\n\t\n","protected":false},"excerpt":{"rendered":"<p>Procedimento destinado a identificar os im\u00f3veis p\u00fablicos e privados abrangidos pelo n\u00facleo urbano informal e a obter a anu\u00eancia dos respectivos titulares de direitos inscritos [&hellip;] <span class=\"read-more-link\"><a class=\"read-more\" href=\"https:\/\/rehabitare.direito.ufmg.br\/?sp_faq=indeferidos-regularizacao-demarcacao-urbanistica\">Read More<\/a><\/span><\/p>\n","protected":false},"author":1,"featured_media":0,"parent":0,"menu_order":0,"comment_status":"closed","ping_status":"closed","template":"","meta":{"footnotes":""},"class_list":["post-247","page","type-page","status-publish","hentry"],"_links":{"self":[{"href":"https:\/\/rehabitare.direito.ufmg.br\/index.php?rest_route=\/wp\/v2\/pages\/247"}],"collection":[{"href":"https:\/\/rehabitare.direito.ufmg.br\/index.php?rest_route=\/wp\/v2\/pages"}],"about":[{"href":"https:\/\/rehabitare.direito.ufmg.br\/index.php?rest_route=\/wp\/v2\/types\/page"}],"author":[{"embeddable":true,"href":"https:\/\/rehabitare.direito.ufmg.br\/index.php?rest_route=\/wp\/v2\/users\/1"}],"replies":[{"embeddable":true,"href":"https:\/\/rehabitare.direito.ufmg.br\/index.php?rest_route=%2Fwp%2Fv2%2Fcomments&post=247"}],"version-history":[{"count":8,"href":"https:\/\/rehabitare.direito.ufmg.br\/index.php?rest_route=\/wp\/v2\/pages\/247\/revisions"}],"predecessor-version":[{"id":1272,"href":"https:\/\/rehabitare.direito.ufmg.br\/index.php?rest_route=\/wp\/v2\/pages\/247\/revisions\/1272"}],"wp:attachment":[{"href":"https:\/\/rehabitare.direito.ufmg.br\/index.php?rest_route=%2Fwp%2Fv2%2Fmedia&parent=247"}],"curies":[{"name":"wp","href":"https:\/\/api.w.org\/{rel}","templated":true}]}}