{"id":253,"date":"2018-01-17T13:17:31","date_gmt":"2018-01-17T15:17:31","guid":{"rendered":"http:\/\/150.164.250.80\/rehabitare\/?page_id=253"},"modified":"2022-05-09T20:07:08","modified_gmt":"2022-05-09T23:07:08","slug":"remocoes-forcadas-3","status":"publish","type":"page","link":"https:\/\/rehabitare.direito.ufmg.br\/?page_id=253","title":{"rendered":"Remo\u00e7\u00f5es For\u00e7adas"},"content":{"rendered":"<p style=\"text-align: justify;\">O Coment\u00e1rio Geral n\u00ba 07 da ONU (1997) versa sobre as remo\u00e7\u00f5es e despejos for\u00e7ados, os quais devem ocorrer apenas em \u201ccircunst\u00e2ncias excepcionais\u201d; ou seja, em casos absolutamente necess\u00e1rios que envolvam prote\u00e7\u00e3o da sa\u00fade e do bem-estar coletivos, e quando n\u00e3o h\u00e1 alternativas vi\u00e1veis\u201d, isto \u00e9, em se tratando de \u00e1rea de risco comprovado e para prote\u00e7\u00e3o de espa\u00e7os ambientais em vias de destrui\u00e7\u00e3o. As remo\u00e7\u00f5es implicam em reassentamento e indeniza\u00e7\u00e3o \u00e0s fam\u00edlias removidas e devem contar com a participa\u00e7\u00e3o popular.<\/p>\n<p style=\"text-align: justify;\"><span style=\"font-weight: 400;\">Por esse motivo, os julgados desse tema foram categorizados em 5 outros subtemas. <\/span><\/p>\n<ul style=\"text-align: justify;\">\n<li style=\"font-weight: 400;\"><span style=\"font-weight: 400;\">Indeniza\u00e7\u00e3o;<\/span><\/li>\n<li style=\"font-weight: 400;\"><span style=\"font-weight: 400;\">Reassentamento;<\/span><\/li>\n<li style=\"font-weight: 400;\"><span style=\"font-weight: 400;\">\u00c1rea de Risco;<\/span><\/li>\n<li style=\"font-weight: 400;\"><span style=\"font-weight: 400;\">Espa\u00e7os Ambientais Protegidos;<\/span><\/li>\n<li style=\"font-weight: 400;\"><span style=\"font-weight: 400;\">Participa\u00e7\u00e3o Popular.<\/span><\/li>\n<\/ul>\n<p style=\"text-align: justify;\">\u00cdntegra: <a href=\"http:\/\/www.mpf.mp.br\/pfdc\/temas\/legislacao\/internacional\/ComentarioGeral7_DESC\/view\" target=\"_blank\" rel=\"noopener\" data-slimstat=\"5\">Procuradoria Federal dos Direitos do Cidad\u00e3o (espanhol)<\/a> e em ingl\u00eas no site da\u00a0<a href=\"http:\/\/www.refworld.org\/docid\/47a70799d.html\" target=\"_blank\" rel=\"noopener\" data-slimstat=\"5\">ONU.<\/a><\/p>\n","protected":false},"excerpt":{"rendered":"<p>O Coment\u00e1rio Geral n\u00ba 07 da ONU (1997) versa sobre as remo\u00e7\u00f5es e despejos for\u00e7ados, os quais devem ocorrer apenas em \u201ccircunst\u00e2ncias excepcionais\u201d; ou seja, [&hellip;] <span class=\"read-more-link\"><a class=\"read-more\" href=\"https:\/\/rehabitare.direito.ufmg.br\/?page_id=253\">Read More<\/a><\/span><\/p>\n","protected":false},"author":1,"featured_media":0,"parent":0,"menu_order":0,"comment_status":"closed","ping_status":"closed","template":"","meta":{"footnotes":""},"class_list":["post-253","page","type-page","status-publish","hentry"],"_links":{"self":[{"href":"https:\/\/rehabitare.direito.ufmg.br\/index.php?rest_route=\/wp\/v2\/pages\/253"}],"collection":[{"href":"https:\/\/rehabitare.direito.ufmg.br\/index.php?rest_route=\/wp\/v2\/pages"}],"about":[{"href":"https:\/\/rehabitare.direito.ufmg.br\/index.php?rest_route=\/wp\/v2\/types\/page"}],"author":[{"embeddable":true,"href":"https:\/\/rehabitare.direito.ufmg.br\/index.php?rest_route=\/wp\/v2\/users\/1"}],"replies":[{"embeddable":true,"href":"https:\/\/rehabitare.direito.ufmg.br\/index.php?rest_route=%2Fwp%2Fv2%2Fcomments&post=253"}],"version-history":[{"count":13,"href":"https:\/\/rehabitare.direito.ufmg.br\/index.php?rest_route=\/wp\/v2\/pages\/253\/revisions"}],"predecessor-version":[{"id":3317,"href":"https:\/\/rehabitare.direito.ufmg.br\/index.php?rest_route=\/wp\/v2\/pages\/253\/revisions\/3317"}],"wp:attachment":[{"href":"https:\/\/rehabitare.direito.ufmg.br\/index.php?rest_route=%2Fwp%2Fv2%2Fmedia&parent=253"}],"curies":[{"name":"wp","href":"https:\/\/api.w.org\/{rel}","templated":true}]}}