{"id":282,"date":"2018-01-17T13:25:48","date_gmt":"2018-01-17T15:25:48","guid":{"rendered":"http:\/\/150.164.250.80\/rehabitare\/?page_id=282"},"modified":"2023-11-07T23:57:10","modified_gmt":"2023-11-08T02:57:10","slug":"livros","status":"publish","type":"page","link":"https:\/\/rehabitare.direito.ufmg.br\/?page_id=282","title":{"rendered":"Livros"},"content":{"rendered":"<p style=\"text-align: justify;\"><span style=\"color: #000080;\"><a style=\"color: #000080;\" href=\"http:\/\/www.habitare.org.br\/pdf\/publicacoes\/ct_5_comp.pdf\" target=\"_blank\" rel=\"noopener\">Abiko, Alex Kenya; Cardoso, Adauto Lucio. <strong>Procedimentos de Gest\u00e3o Habitacional para Popula\u00e7\u00e3o de Baixa Renda<\/strong>; Porto Alegre, ANTAC, v. 5, 2007.<\/a><\/span><\/p>\n<p style=\"text-align: justify;\"><span style=\"color: #000080;\"><a style=\"color: #000080;\" href=\"https:\/\/es.slideshare.net\/DemtrioLuizRigueteGripp\/regularizacao-de-terra-e-da-moradia-no-brasil\" target=\"_blank\" rel=\"noopener\">Alfosin, Bet\u00e2nia de Morais et al. (Coord.) <strong>Regulariza\u00e7\u00e3o da Terra e da Moradia: O que \u00e9 e como Implementar.<\/strong> S\u00e3o Paulo: Instituto P\u00f3lis. ago.\/out. 2002.\u00a0<\/a><\/span><\/p>\n<p style=\"text-align: justify;\"><span style=\"color: #000080;\"><a style=\"color: #000080;\" href=\"https:\/\/transformacoes.observatoriodasmetropoles.net.br\/livro\/belo-horizonte\/\" target=\"_blank\" rel=\"noopener\">Andrade, Luciana; Mendon\u00e7a, Jupira; Diniz, Alexandre (eds.). <strong>Belo Horizonte: transforma\u00e7\u00f5es na ordem urbana.<\/strong> Rio de Janeiro: Letra Capital, 2015.\u00a0<\/a><\/span><\/p>\n<p><span style=\"color: #000080;\"><a style=\"color: #000080;\" href=\"https:\/\/observatoriodasmetropoles.net.br\/arquivos\/biblioteca\/abook_file\/Vol10_como_anda_belo_horizonte.pdf\" target=\"_blank\" rel=\"noopener\">Andrade, Luciana Teixeira de; <strong>10 &#8211; Como anda Belo Horizonte; Cole\u00e7\u00e3o Conjuntura Urbana<\/strong>; Editora letra Capital; 2009.<\/a><\/span><\/p>\n<p style=\"text-align: justify;\"><span style=\"color: #000080;\"><a style=\"color: #000080;\" href=\"http:\/\/www.ipea.gov.br\/portal\/index.php?option=com_content&amp;view=article&amp;id=26335&amp;Itemid=383\" target=\"_blank\" rel=\"noopener\">Balbim, Renato.\u00a0<strong>TD 2134 &#8211; Servi\u00e7o de Moradia Social ou Loca\u00e7\u00e3o Social: alternativas \u00e0 pol\u00edtica habitacional.\u00a0<\/strong>2015.\u00a0<\/a><\/span><\/p>\n<p style=\"text-align: justify;\"><span style=\"color: #000080;\"><a style=\"color: #000080;\" href=\"http:\/\/www.ipea.gov.br\/portal\/index.php?option=com_content&amp;view=article&amp;id=26017&amp;Itemid=383\" target=\"_blank\" rel=\"noopener\">Balbim, Renato; Krause, Cleandro; Lima Neto, Vicente Correia.\u00a0<strong>TD 2116 &#8211; Para Al\u00e9m do Minha Casa Minha Vida: uma pol\u00edtica de habita\u00e7\u00e3o de interesse social?\u00a0<\/strong>2015.\u00a0<\/a><\/span><\/p>\n<p style=\"text-align: justify;\"><span style=\"color: #000080;\"><a style=\"color: #000080;\" href=\"http:\/\/editoraunesp.com.br\/catalogo\/9788539305223,os-pioneiros-da-habitacao-social-vol.-1\" target=\"_blank\" rel=\"noopener\">Bonduki, Nabil. <strong>Os pioneiros da habita\u00e7\u00e3o social &#8211; Vol. 1 Cem anos de pol\u00edtica p\u00fablica no Brasil;<\/strong>\u00a02014; Livro; Pol\u00edticas Habitacionais;\u00a0<\/a><\/span><\/p>\n<p style=\"text-align: justify;\"><span style=\"color: #000080;\"><a style=\"color: #000080;\" href=\"http:\/\/www.vitruvius.com.br\/pesquisa\/bookshelf\/book\/144\" target=\"_blank\" rel=\"noopener\">Bonduki, Nabil. <strong>Origens da habita\u00e7\u00e3o social no Brasil; Arquitetura moderna, lei do inquilinato e difus\u00e3o da casa pr\u00f3pria; Editora Esta\u00e7\u00e3o Liberdade;<\/strong> 2004; Livro; Pol\u00edticas Habitacionais.<\/a><\/span><\/p>\n<p style=\"text-align: justify;\"><span style=\"color: #000080;\"><a style=\"color: #000080;\" href=\"https:\/\/erminiamaricato.files.wordpress.com\/2012\/03\/cadernos-mcidades-polc3adtica-nacional-de-desenvolvimento-urbano.pdf\" target=\"_blank\" rel=\"noopener\">Brasil. Minist\u00e9rio das Cidades e Secretaria Nacional de Habita\u00e7\u00e3o.<strong> Cadernos MCidadades: Pol\u00edtica Nacional de Desenvolvimento Urbano.<\/strong> Bras\u00edlia: Minist\u00e9rio das Cidades, 2004.\u00a0<\/a><\/span><\/p>\n<p style=\"text-align: justify;\"><span style=\"color: #000080;\"><a style=\"color: #000080;\" href=\"http:\/\/www.bibliotecacpa.org.ar\/greenstone\/collect\/libagr\/index\/assoc\/HASH0108.dir\/doc.pdf\" target=\"_blank\" rel=\"noopener\">Brasil. Minist\u00e9rio das Cidades e Secretaria Nacional de Habita\u00e7\u00e3o. <strong>Cadastro Multifinalit\u00e1rio como Instrumento de Pol\u00edtica Fiscal e Urbana.<\/strong> Rio de Janeiro: Minist\u00e9rio das Cidades, 2005.\u00a0<\/a><\/span><\/p>\n<p style=\"text-align: justify;\"><span style=\"color: #000080;\"><a style=\"color: #000080;\" href=\"https:\/\/sp.unmp.org.br\/wp-content\/uploads\/2008\/02\/Deficit2005.pdf\" target=\"_blank\" rel=\"noopener\"><span style=\"font-weight: 400;\">Brasil. Funda\u00e7\u00e3o Jo\u00e3o Pinheiro. <strong>D\u00e9ficit Habitacional no Brasil 2005.<\/strong> Belo Horizonte: Funda\u00e7\u00e3o Jo\u00e3o Pinheiro, Centro de Estat\u00edsticas e Informa\u00e7\u00f5es. 2006.\u00a0<\/span><\/a><\/span><\/p>\n<p><span style=\"color: #000080;\"><a style=\"color: #000080;\" href=\"http:\/\/www.livrosgratis.com.br\/ler-livro-online-34110\/experiencias-em-habitacao-de-interesse-social-no-brasil\" target=\"_blank\" rel=\"noopener\">Brasil, Minist\u00e9rio das Cidades. <strong>Experi\u00eancias em habita\u00e7\u00e3o de interesse social no Brasil.<\/strong>\u00a0Bras\u00edlia: Minist\u00e9rio das Cidades, Secretaria Nacional de Habita\u00e7\u00e3o, 2007.\u00a0<\/a><\/span><\/p>\n<p style=\"text-align: justify;\"><span style=\"color: #000080;\"><a style=\"color: #000080;\" href=\"https:\/\/cidades.nute.ufsc.br\/downloads\/MCidades_bookweb.pdf\" target=\"_blank\" rel=\"noopener\">Brasil. Minist\u00e9rio das Cidades e Secretaria Nacional de Habita\u00e7\u00e3o. <strong>Trabalho social em programas de habita\u00e7\u00e3o de interesse social.<\/strong> 2\u00aa Edi\u00e7\u00e3o. Bras\u00edlia: Minist\u00e9rio das Cidades, 2014.\u00a0<\/a><\/span><\/p>\n<p><a href=\"https:\/\/rehabitare.direito.ufmg.br\/wp-content\/uploads\/2023\/11\/Brasil.-Manual-de-Reabilita\u00e7\u00e3o_\u00e1reas-urbanas-centrais_compressed-1.pdf\" target=\"_blank\" rel=\"noopener\"><span style=\"color: #000080;\">Brasil. Minist\u00e9rio das Cidades e Ag\u00eancia Espanhola de Coopera\u00e7\u00e3o Internacional &#8211; AECI.\u00a0<strong>Manual de Reabilita\u00e7\u00e3o de \u00c1reas Urbanas Centrais.<\/strong> Bras\u00edlia: Minist\u00e9rio das Cidades, 2008.\u00a0<\/span><\/a><\/p>\n<p style=\"text-align: justify;\"><span style=\"color: #000080;\"><a style=\"color: #000080;\" href=\"https:\/\/www.gov.br\/cidades\/pt-br\/assuntos\/publicacoes\/arquivos\/arquivos\/2015_11_18_social_housing_finance_and_subsidy_versao_web.pdf\" target=\"_blank\" rel=\"noopener\">Brazil. Ministry of Cities\/Ministry of Planning, Budget and Management. <strong>Dialogue Brazil and European Union: social housing, finance and subsidies.<\/strong> Bras\u00edlia, DF: MCIDADES; SNH; MPOG, 2015.\u00a0<\/a><\/span><\/p>\n<p><span style=\"color: #000080;\"><a style=\"color: #000080;\" href=\"https:\/\/antigo.mdr.gov.br\/images\/stories\/ArquivosSNH\/ArquivosPDF\/livro_completo.pdf\" target=\"_blank\" rel=\"noopener\">Cardoso, A. L. <strong>Habita\u00e7\u00e3o social nas metr\u00f3poles brasileiras: uma avalia\u00e7\u00e3o das pol\u00edticas habitacionais em Bel\u00e9m, Belo Horizonte, Porto Alegre, Recife, Rio de Janeiro e S\u00e3o Paulo no final do s\u00e9culo XX.<\/strong> Cole\u00e7\u00e3o HABITARE, Porto Alegre, 2007.<\/a><\/span><\/p>\n<p><span style=\"color: #000080;\"><a style=\"color: #000080;\" href=\"https:\/\/www.observatoriodasmetropoles.net.br\/wp-content\/uploads\/2021\/06\/Adauto-CARDOSO-e-Camila-DOTTAVIANO-Habitacao-e-Direito-a-Cidade_R02.pdf\" target=\"_blank\" rel=\"noopener\">Cardoso, A. L., D&#8217;Ottaviano, C. (org). <strong>Habita\u00e7\u00e3o e Direito \u00e0 Cidade: desafios para as metr\u00f3poles em tempos de crise.<\/strong> Letra Capital: Observat\u00f3rio das Metr\u00f3poles. Rio de Janeiro, 2021.<\/a><\/span><\/p>\n<p><span style=\"color: #000080;\"><a style=\"color: #000080;\" href=\"https:\/\/www.observatoriodasmetropoles.net.br\/wp-content\/uploads\/2023\/06\/urbanizacao_favelas_rio.pdf\" target=\"_blank\" rel=\"noopener\">Cardoso, A. L., Luft, R. M., Ximenes, L. A. (org). <strong>Urbaniza\u00e7\u00e3o de favelas no Rio de Janeiro.<\/strong> Letra Capital: Observat\u00f3rio das Metr\u00f3poles. Rio de Janeiro, 2023.<\/a><\/span><\/p>\n<p style=\"text-align: justify;\"><span style=\"color: #000080;\"><a style=\"color: #000080;\" href=\"http:\/\/planodiretor.saolourenco.sc.gov.br\/leis\/Estatuto%20das%20Cidades.pdf\" target=\"_blank\" rel=\"noopener\"><span style=\"font-weight: 400;\">C\u00e2mara dos Deputados et. al. <strong>Estatuto da Cidade: guia para implementa\u00e7\u00e3o pelos munic\u00edpios e cidad\u00e3os.<\/strong> Bras\u00edlia: C\u00e2mara dos Deputados \u2013 Coordena\u00e7\u00e3o de Publica\u00e7\u00f5es. Bras\u00edlia: C\u00e2mara dos Deputados, 2001.<\/span><\/a><\/span><\/p>\n<p><span style=\"color: #000080;\"><a style=\"color: #000080;\" href=\"https:\/\/bibliotecadigital.cnj.jus.br\/jspui\/handle\/123456789\/528\" target=\"_blank\" rel=\"noopener\"> Conselho Nacional de Justi\u00e7a; Instituto de Ensino e Pesquisa; Instituto P\u00f3lis. <strong>Conflitos fundi\u00e1rios coletivos urbanos e rurais:<\/strong> uma vis\u00e3o das a\u00e7\u00f5es possess\u00f3rias de acordo com o impacto do novo C\u00f3digo de Processo Civil. Bras\u00edlia: CNJ, 2021.<\/a><\/span><\/p>\n<p style=\"text-align: justify;\"><span style=\"color: #000080;\"><a style=\"color: #000080;\" href=\"https:\/\/www.terradedireitos.org.br\/uploads\/arquivos\/publicacao-TID%281%29.pdf\" target=\"_blank\" rel=\"noopener\">Correia, Alice Dandara de Assis et al.\u00a0<strong>Tribunal Internacional de despejos. Brasil: Casos e Recomenda\u00e7\u00f5e.\u00a0<\/strong>S\u00e3o Paulo: Centro de Direitos Econ\u00f4micos e Sociais e Terra de Direitos, 2018.\u00a0<\/a><\/span><\/p>\n<p style=\"text-align: justify;\"><span style=\"color: #000080;\"><a style=\"color: #000080;\" href=\"https:\/\/portalantigo.ipea.gov.br\/portal\/images\/stories\/PDFs\/TDs\/td_2159.pdf\" target=\"_blank\" rel=\"noopener\">Couto, Patr\u00edcia Brand\u00e3o; Rodrigues, Rute Imanishi.\u00a0<strong>TD 2159 &#8211; A Gram\u00e1tica da Moradia no Complexo do Alem\u00e3o: hist\u00f3ria, documentos e narrativas.\u00a0<\/strong>2015.\u00a0<\/a><\/span><\/p>\n<p style=\"text-align: justify;\"><span style=\"color: #000080;\"><a style=\"color: #000080;\" href=\"http:\/\/www.observatoriodasmetropoles.net.br\/revista-e-metropolis-n-37-ha-alternativas-para-politica-habitacional\/\" target=\"_blank\" rel=\"noopener\">E-METROPOLIS, Revista; REGI\u00d5ES, Revista Eletr\u00f4nica de Estudos Urbanos e.\u00a0<strong>H\u00e1 alternativas para a pol\u00edtica habitacional?\u00a0<\/strong>2019.\u00a0<\/a><\/span><\/p>\n<p><a href=\"https:\/\/mundareudaluz.files.wordpress.com\/2018\/04\/completo_caderno-plano-alternativo-luz-r09-2018-04-10_web1.pdf\">F\u00f3rum Aberto Mundar\u00e9u da Luz. <strong>Campos El\u00edseos Vivo: um projeto urban\u00edstico elaborado com a comunidade.<\/strong> S\u00e3o Paulo, 2018.<\/a><\/p>\n<p><span style=\"color: #000080;\"><a style=\"color: #000080;\" href=\"https:\/\/www.bu.ufmg.br\/imagem\/000023\/000023e8.pdf\" target=\"_blank\" rel=\"noopener\">Gaio, Daniel (org). <strong>Remo\u00e7\u00f5es For\u00e7adas e a Administra\u00e7\u00e3o P\u00fablica.<\/strong>\u00a0Belo Horizonte, RE-HABITARE, jul.2020.<\/a><\/span><\/p>\n<p><span style=\"color: #000080;\"><a style=\"color: #000080;\" href=\"https:\/\/acrobat.adobe.com\/link\/track?uri=urn:aaid:scds:US:69ae400d-d473-4f6a-a8fe-0932377513b7\" target=\"_blank\" rel=\"noopener\">Gaio, Daniel; Diniz, Ana Paula Santos (org).\u00a0<strong>A POPULA\u00c7\u00c3O EM SITUA\u00c7\u00c3O DE RUA E A QUEST\u00c3O DA MORADIA. <\/strong>2021, Imprensa Universit\u00e1ria.\u00a0<\/a><\/span><\/p>\n<p><a href=\"https:\/\/biblioteca.ibge.gov.br\/visualizacao\/livros\/liv101589.pdf\" target=\"_blank\" rel=\"noopener\">IBGE.\u00a0<strong>Popula\u00e7\u00e3o em \u00e1reas de risco no Brasil.<\/strong>\u00a0IBGE, Coordena\u00e7\u00e3o de Geografia: Rio de Janeiro, 2018.<\/a><\/p>\n<p><span style=\"color: #000080;\"><a style=\"color: #000080;\" href=\"http:\/\/www.bibliotecadigital.abong.org.br\/bitstream\/11465\/426\/1\/POLIS_habitacao_controle_social_politica_publica.pdf\" target=\"_blank\" rel=\"noopener\">Instituto P\u00f3lis. <strong>Habita\u00e7\u00e3o: controle social e pol\u00edtica p\u00fablica.<\/strong> S\u00e3o Paulo: Instituto P\u00f3lis: Observat\u00f3rio dos Direitos do Cidad\u00e3o, S\u00e3o Paulo, 2007.<\/a><\/span><\/p>\n<p style=\"text-align: justify;\"><span style=\"color: #000080;\"><a style=\"color: #000080;\" href=\"https:\/\/www.observatoriodasmetropoles.net.br\/producao-habitacional-solidaria-panorama-internacional-2\/\" target=\"_blank\" rel=\"noopener\">(IPPUR\/UFRJ), Inct Observat\u00f3rio das Metr\u00f3poles; (CAU\/RJ), Conselho de Arquitetura e Urbanismo do Rio de Janeiro.\u00a0<strong>Produ\u00e7\u00e3o habitacional solid\u00e1ria: panorama internacional.\u00a0<\/strong>2019.\u00a0<\/a><\/span><\/p>\n<p><span style=\"color: #000080;\"><a style=\"color: #000080;\" href=\"https:\/\/repositorio.ipea.gov.br\/handle\/11058\/11549\" target=\"_blank\" rel=\"noopener\">Krause, C., Denaldi, R. (org). <strong>N\u00facleos urbanos informais: abordagens territoriais da irregularidade fundi\u00e1ria e da precariedade habitacional.<\/strong> IPEA, Bras\u00edlia, 2022.<\/a><\/span><\/p>\n<p style=\"text-align: justify;\"><span style=\"color: #000080;\"><a style=\"color: #000080;\" href=\"https:\/\/portalantigo.ipea.gov.br\/portal\/images\/stories\/PDFs\/TDs\/td_2176.pdf\" target=\"_blank\" rel=\"noopener\">Linke, Clarisse et al.\u00a0<strong>TD 2176 &#8211; Inser\u00e7\u00e3o Urbana de Habita\u00e7\u00e3o de Interesse Social: um olhar sobre mobilidade cotidiana e uso do solo.\u00a0<\/strong>2016.\u00a0<\/a><\/span><\/p>\n<p style=\"text-align: justify;\"><span style=\"color: #000080;\"><a style=\"color: #000080;\" href=\"https:\/\/portalantigo.ipea.gov.br\/portal\/images\/stories\/PDFs\/TDs\/td_1886.pdf\" target=\"_blank\" rel=\"noopener\">Loureiro, Maria Rita; Mac\u00e1rio, Vinicius; Guerra, Pedro.\u00a0<strong>TD 1886 &#8211; Democracia, Arenas Decis\u00f3rias e Pol\u00edticas P\u00fablicas: o Programa Minha Casa Minha Vida.\u00a0<\/strong>2013.\u00a0<\/a><\/span><\/p>\n<p><span style=\"color: #000080;\"><a style=\"color: #000080;\" href=\"http:\/\/habitatbrasil.org.br\/wp-content\/uploads\/2018\/08\/terra_e_moradia_web.pdf\" target=\"_blank\" rel=\"noopener\">Ludemir, Raquel; Coelho, Ronaldo. <strong>Terra e moradia: Conflitos fundi\u00e1rios urbanos em Pernambuco.<\/strong> Recife: Est\u00fadio Cargo. 2018.<\/a><\/span><\/p>\n<p style=\"text-align: justify;\"><span style=\"color: #000080;\"><a style=\"color: #000080;\" href=\"http:\/\/observatoriodasmetropoles.net.br\/congressovinteanos\/wp-content\/uploads\/2019\/06\/03-3_HABITACAO_00.pdf?fbclid=IwAR0x8-1vEUeFrZT3XGjs9wxyoIfkQRj-DUKBXycqd-CYr0PLChJV_5gPV2Y\" target=\"_blank\" rel=\"noopener\">Ribeiro, L. C. Q. Observat\u00f3rio das Metr\u00f3poles (Org.).\u00a0<strong>Congresso Observat\u00f3rio das Metr\u00f3poles 20 anos:\u00a0<\/strong>As metr\u00f3poles e o direito \u00e0 cidade: dilemas, desafios e esperan\u00e7as. Rio de Janeiro: Instituto de Pesquisa e Planejamento Urbano e Regional, 2019. (Anais do Congresso Observat\u00f3rio das Metr\u00f3poles).<\/a><\/span><\/p>\n<p><span style=\"color: #000080;\"><a style=\"color: #000080;\" href=\"https:\/\/erminiamaricato.files.wordpress.com\/2012\/09\/metropole_periferia_capitalismo1.pdf\" target=\"_blank\" rel=\"noopener\">Maricato, Erm\u00ednia.\u00a0<strong>Metr\u00f3pole na Periferia do Capitalismo:\u00a0<\/strong>Ilegalidade, Desigualdade e Viol\u00eancia. S\u00e3o Paulo: Hucitec, 1996.\u00a0<\/a><\/span><\/p>\n<p style=\"text-align: justify;\"><span style=\"color: #000080;\"><a style=\"color: #000080;\" href=\"https:\/\/portalantigo.ipea.gov.br\/portal\/images\/stories\/PDFs\/TDs\/td_0895.pdf\" target=\"_blank\" rel=\"noopener\">Massena, Rosa M. R..\u00a0<strong>TD 0895 &#8211; O Tema Habita\u00e7\u00e3o na Pesquisa Nacional por Amostra de Domic\u00edlios (PNAD).\u00a0<\/strong>2002.\u00a0<\/a><\/span><\/p>\n<p style=\"text-align: justify;\"><span style=\"color: #000080;\"><a style=\"color: #000080;\" href=\"https:\/\/repositorio.ufrn.br\/jspui\/handle\/123456789\/24812\" target=\"_blank\" rel=\"noopener\">Medeiros, Sara Raquel Fernandes Queiroz de.\u00a0<strong>Segrega\u00e7\u00e3o e gentrifica\u00e7\u00e3o:\u00a0<\/strong>Os conjuntos habitacionais em Natal. Brasil: Editora da Ufrn, 2018.\u00a0<\/a><\/span><\/p>\n<p><span style=\"color: #000080;\"><a style=\"color: #000080;\" href=\"http:\/\/planodiretor.mprs.mp.br\/arquivos\/prevencaoriscos.pdf\" target=\"_blank\" rel=\"noopener\">Minist\u00e9rio das Cidades. <strong>Preven\u00e7\u00e3o de Riscos de Deslizamentos em Encostas: Guia para\u00a0<\/strong><strong>Elabora\u00e7\u00e3o de Pol\u00edticas Municipais.<\/strong> Bras\u00edlia, 2006.<\/a><\/span><\/p>\n<p><span style=\"color: #000080;\"><a style=\"color: #000080;\" href=\"https:\/\/bibliotecadigital.economia.gov.br\/handle\/123456789\/285\" target=\"_blank\" rel=\"noopener\">Minist\u00e9rio das Cidades. <strong>Plano Nacional de Habita\u00e7\u00e3o.<\/strong> Bras\u00edlia, 2009.<\/a><\/span><\/p>\n<p><span style=\"color: #000080;\"><a style=\"color: #000080;\" href=\"https:\/\/mpsp.mp.br\/documents\/portlet_file_entry\/20122\/areasderisco.pdf\/149e0c44-b389-c1c0-e26e-c24deee2305e\" target=\"_blank\" rel=\"noopener\">Minist\u00e9rio P\u00fablico de S\u00e3o Paulo.\u00a0<strong>\u00c1reas de Risco.\u00a0<\/strong>S\u00e3o Paulo, 2017.<\/a><\/span><\/p>\n<p><span style=\"color: #000080;\"><a style=\"color: #000080;\" href=\"https:\/\/nossabh.org.br\/uploads\/2021\/06\/Mapa-das-desigualdades-da-RMBH-2021.pdf\" target=\"_blank\" rel=\"noopener\">Amaral, Marcelo (org). <strong>Mapa das desigualdades: Belo Horizonte e Regi\u00e3o Metropolitana de Belo Horizonte.<\/strong> Instituto Nossa BH, Belo Horizonte, 2021.<\/a><\/span><\/p>\n<p style=\"text-align: justify;\"><span style=\"color: #000080;\"><a style=\"color: #000080;\" href=\"https:\/\/www.nossasaopaulo.org.br\/2019\/11\/05\/mapa-da-desigualdade-2019-e-lancado-em-sao-paulo\/\" target=\"_blank\" rel=\"noopener\">Paulo, Rede Nossa S\u00e3o.\u00a0<strong>Mapa da Desigualdade 2019 \u00e9 lan\u00e7ado em S\u00e3o Paulo.\u00a0<\/strong>2019.\u00a0<\/a><\/span><\/p>\n<p style=\"text-align: justify;\"><span style=\"color: #000080;\"><a style=\"color: #000080;\" href=\"http:\/\/biblioteca.clacso.edu.ar\/clacso\/otros\/20170206051316\/ReconfiguracaoDasCidadesContemporaneas.pdf\" target=\"_blank\" rel=\"noopener\">Pereira, Paulo Cesar Xavier. <strong>Reconfigura\u00e7\u00e3o das Cidades Contempor\u00e2neas:\u00a0<\/strong>Contradi\u00e7\u00f5es e Conflitos. S\u00e3o Paulo: Comiss\u00e3o Editorial das Publica\u00e7\u00f5es da FAUUSP, 2016.<\/a><\/span><\/p>\n<p><a href=\"http:\/\/www.bibliotecadigital.abong.org.br\/bitstream\/11465\/426\/1\/POLIS_habitacao_controle_social_politica_publica.pdf\" target=\"_blank\" rel=\"noopener\">Ribeiro, J. A. L. et al. <strong>Habita\u00e7\u00e3o: controle social e pol\u00edtica p\u00fablica.<\/strong> Instituto P\u00f3lis: Puc &#8211; SP. S\u00e3o Paulo, 2007.<\/a><\/p>\n<p><a href=\"https:\/\/www.observatoriodasmetropoles.net.br\/wp-content\/uploads\/2020\/07\/Livro-Dos-Corti%C3%A7os-aos-Condom%C3%ADnos-Fechados_2edicao.pdf\" target=\"_blank\" rel=\"noopener\">Ribeiro, L. C. Q. <strong>Dos corti\u00e7os aos condom\u00ednios fechados: as formas de produ\u00e7\u00e3o da moradia na cidade do Rio de Janeiro.<\/strong> Letra Capital: Observat\u00f3rio das Metr\u00f3poles. Rio de Janeiro, 2015.<\/a><\/p>\n<p><a href=\"https:\/\/www.observatoriodasmetropoles.net.br\/wp-content\/uploads\/2021\/04\/Dominancia-financeira-regulacao-legal-e-espaco-urbano.pdf\" target=\"_blank\" rel=\"noopener\">Ribeiro, T. F. <strong>Domin\u00e2ncia Financeira, Regula\u00e7\u00e3o Legal e Espa\u00e7o Urbano: o caso da regulariza\u00e7\u00e3o fundi\u00e1ria no Brasil.<\/strong> Letra Capital: Observat\u00f3rio das Metr\u00f3poles. Rio de Janeiro, 2021.<\/a><\/p>\n<p style=\"text-align: justify;\"><span style=\"color: #000080;\"><a style=\"color: #000080;\" href=\"https:\/\/repositorio.ipea.gov.br\/bitstream\/11058\/2115\/1\/TD_1187.pdf\" target=\"_blank\" rel=\"noopener\">Rodrigues, Rute Imanishi.\u00a0<strong>TD 1187 &#8211; Moradia Prec\u00e1ria e Viol\u00eancia na Cidade de S\u00e3o Paulo. <\/strong>Rio de Janeiro,\u00a02006.\u00a0<\/a><\/span><\/p>\n<p style=\"text-align: justify;\"><span style=\"color: #000080;\"><a style=\"color: #000080;\" href=\"https:\/\/www.suelourbano.org\/wp-content\/uploads\/2017\/09\/Regularizacao_Fundiaria_Plena_Referencias_Conceituais.pdf\" target=\"_blank\" rel=\"noopener\">Rolnik, Raquel. <strong>Regulariza\u00e7\u00e3o Fundi\u00e1ria Plena: Refer\u00eancias Conceituais.\u00a0<\/strong>Bras\u00edlia: Secretaria Nacional de Programas Urbanos, 2007.\u00a0<\/a><\/span><\/p>\n<p><a href=\"https:\/\/drive.google.com\/file\/d\/19N_k8wcNBg8AB8VpphE8utE6mXQlmhjP\/view\" target=\"_blank\" rel=\"noopener\">Sanch\u00e9z, Fernanda, Moreira, Paula (org). <strong>Cartografia do Conflito: Rio de Janeiro.\u00a0<\/strong>Rio de Janeiro: Letra Capital, 2019.<\/a><\/p>\n<p style=\"text-align: justify;\"><span style=\"color: #000080;\"><a style=\"color: #000080;\" href=\"https:\/\/www.suelourbano.org\/wp-content\/uploads\/2017\/09\/UN-Relatoria-Direto-a-Moradia-no-Brasil-2004.pdf\" target=\"_blank\" rel=\"noopener\">Saule J\u00fanior, Nelson; Cardoso, Patr\u00edcia de Menezes. <strong>O Direito \u00e0 Moradia no Brasil: Relat\u00f3rio da Miss\u00e3o Conjunta da Relatoria Nacional e da ONU, maio\/jun. 2004 \u2013 Viola\u00e7\u00f5es, Pr\u00e1ticas positivas e Recomenda\u00e7\u00f5es ao Governo Brasileiro.<\/strong> S\u00e3o Paulo: Instituto P\u00f3lis, 2005. <\/a><\/span><\/p>\n<p style=\"text-align: justify;\"><span style=\"color: #000080;\"><a style=\"color: #000080;\" href=\"http:\/\/www.observatoriodasmetropoles.net.br\/o-papel-das-ocupacoes-urbanas-como-elemento-de-repertorio-dos-movimentos-de-moradia-texto-para-discussao\/?utm_source=Facebook&amp;utm_medium=Post&amp;utm_campaign=Facebook_601&amp;utm_content=O+papel+das+ocupa\u00e7\u00f5es+urbanas+como+elemento+de+repert\u00f3rio+dos+movimentos+de+moradia+na+inflex\u00e3o+ultraliberal&amp;fbclid=IwAR164kQTXeCEab77t_MdwhNFkL48lnUnA9akkURACqhhT188H2MPXK_OXkM\" target=\"_blank\" rel=\"noopener\">Soraggi, Ana Carolina Maria; Arag\u00e3o, Th\u00eamis Amorim; Corr\u00eaa, Filipe Souza.\u00a0<strong>O papel das ocupa\u00e7\u00f5es urbanas como elemento de repert\u00f3rio dos movimentos de moradia (Texto para Discuss\u00e3o).\u00a0<\/strong>Observat\u00f3rio das Metr\u00f3poles. 2019.<\/a><\/span><\/p>\n<p><a href=\"https:\/\/edisciplinas.usp.br\/pluginfile.php\/6112724\/mod_resource\/content\/1\/VILLA%C3%87A%2C%20F.%20O%20que%20todo%20cidad%C3%A3o%20precisa%20saber%20sobre%20habita%C3%A7%C3%A3o.%20Global%20Editora%2C%201986..pdf\" target=\"_blank\" rel=\"noopener\">Villa\u00e7a, F. <strong>O que todo cidad\u00e3o precisa saber sobre habita\u00e7\u00e3o.<\/strong> Global Editora, S\u00e3o Paulo, 1986.<\/a><\/p>\n<p style=\"text-align: justify;\"><span style=\"color: #000080;\"><a style=\"color: #000080;\" href=\"https:\/\/www.observatoriodasmetropoles.net.br\/producao-habitacional-solidaria-panorama-internacional-2\/?fbclid=IwAR3yZt7GQ5D6WKZ-JTbhCx4kie3AAU-zM-VeWrqLJatRfWrhx1jO3_qlUYA\" target=\"_blank\" rel=\"noopener\">Ximenes, Luciana; Velasco, Thais.\u00a0<strong>Produ\u00e7\u00e3o habitacional solid\u00e1ria:\u00a0panorama internacional.<\/strong> 2019. Realizada pelo INCT Observat\u00f3rio das Metr\u00f3poles (IPPUR\/UFRJ) em parceria com o Conselho de Arquitetura e Urbanismo do Rio de Janeiro (CAU\/RJ).<\/a><\/span><\/p>\n<p style=\"text-align: justify;\">\n","protected":false},"excerpt":{"rendered":"<p>Abiko, Alex Kenya; Cardoso, Adauto Lucio. Procedimentos de Gest\u00e3o Habitacional para Popula\u00e7\u00e3o de Baixa Renda; Porto Alegre, ANTAC, v. 5, 2007. Alfosin, Bet\u00e2nia de Morais [&hellip;] <span class=\"read-more-link\"><a class=\"read-more\" href=\"https:\/\/rehabitare.direito.ufmg.br\/?page_id=282\">Read More<\/a><\/span><\/p>\n","protected":false},"author":1,"featured_media":0,"parent":0,"menu_order":0,"comment_status":"closed","ping_status":"closed","template":"","meta":{"footnotes":""},"class_list":["post-282","page","type-page","status-publish","hentry"],"_links":{"self":[{"href":"https:\/\/rehabitare.direito.ufmg.br\/index.php?rest_route=\/wp\/v2\/pages\/282"}],"collection":[{"href":"https:\/\/rehabitare.direito.ufmg.br\/index.php?rest_route=\/wp\/v2\/pages"}],"about":[{"href":"https:\/\/rehabitare.direito.ufmg.br\/index.php?rest_route=\/wp\/v2\/types\/page"}],"author":[{"embeddable":true,"href":"https:\/\/rehabitare.direito.ufmg.br\/index.php?rest_route=\/wp\/v2\/users\/1"}],"replies":[{"embeddable":true,"href":"https:\/\/rehabitare.direito.ufmg.br\/index.php?rest_route=%2Fwp%2Fv2%2Fcomments&post=282"}],"version-history":[{"count":84,"href":"https:\/\/rehabitare.direito.ufmg.br\/index.php?rest_route=\/wp\/v2\/pages\/282\/revisions"}],"predecessor-version":[{"id":3917,"href":"https:\/\/rehabitare.direito.ufmg.br\/index.php?rest_route=\/wp\/v2\/pages\/282\/revisions\/3917"}],"wp:attachment":[{"href":"https:\/\/rehabitare.direito.ufmg.br\/index.php?rest_route=%2Fwp%2Fv2%2Fmedia&parent=282"}],"curies":[{"name":"wp","href":"https:\/\/api.w.org\/{rel}","templated":true}]}}