{"id":284,"date":"2018-01-17T13:26:09","date_gmt":"2018-01-17T15:26:09","guid":{"rendered":"http:\/\/150.164.250.80\/rehabitare\/?page_id=284"},"modified":"2023-10-18T01:43:37","modified_gmt":"2023-10-18T04:43:37","slug":"monografias-e-tccs","status":"publish","type":"page","link":"https:\/\/rehabitare.direito.ufmg.br\/?page_id=284","title":{"rendered":"Monografias e TCC&#8217;s"},"content":{"rendered":"<p style=\"text-align: justify;\"><span style=\"color: #000080;\"><a style=\"color: #000080;\" href=\"http:\/\/repositorio.unicamp.br\/acervo\/detalhe\/943860?guid=1654787985186&amp;returnUrl=%2fresultado%2flistar%3fguid%3d1654787985186%26quantidadePaginas%3d1%26codigoRegistro%3d943860%23943860&amp;i=1\" target=\"_blank\" rel=\"noopener\">Oliveira Abr\u00e3o, Gabriel. <strong>Programa Minha Casa Minha Vida: pol\u00edtica habitacional\u00a0<\/strong><\/a><a style=\"color: #000080;\" href=\"https:\/\/repositorio.unicamp.br\/acervo\/detalhe\/943860\" target=\"_blank\" rel=\"noopener\"><span style=\"text-decoration: underline;\"><strong>ou pacote antic\u00edclico?<\/strong> 76 folhas. Trabalho de Conclus\u00e3o de Curso (Gradua\u00e7\u00e3o) \u2013 Instituto de\u00a0Economia. Universidade Estadual de Campinas, Campinas, 2014.<\/span><\/a><\/span><\/p>\n<p><em><strong>Palavras-chave\/ Marcadores: <\/strong><\/em>Pol\u00edtica Habitacional; Desigualdade Social.<\/p>\n<p style=\"text-align: justify;\"><span style=\"color: #000080;\"><a style=\"color: #000080;\" href=\"http:\/\/repositorio.unicamp.br\/acervo\/detalhe\/1037671?guid=1654787925867&amp;returnUrl=%2fresultado%2flistar%3fguid%3d1654787925867%26quantidadePaginas%3d1%26codigoRegistro%3d1037671%231037671&amp;i=1\" target=\"_blank\" rel=\"noopener\">Sabino, Anderson Cordeiro.\u00a0<strong>Ocupar e resistir na periferia da metr\u00f3pole campineira : o caso da Vila Soma &#8211; Sumar\u00e9-SP.\u00a0<\/strong>2017. 118 f. Tese (Doutorado) &#8211; Curso de Geografia, Universidade Estadual de Campinas, Campinas, 2017.\u00a0<\/a><\/span><\/p>\n<p><em><strong>Palavras-chave\/ Marcadores:\u00a0<\/strong><\/em>Urbaniza\u00e7\u00e3o , Periferias urbanas , Ocupa\u00e7\u00e3o urbana, Movimentos sociais.<\/p>\n<p style=\"text-align: justify;\"><span style=\"color: #000080;\"><a style=\"color: #000080;\" href=\"http:\/\/repositorio.unicamp.br\/acervo\/detalhe\/983217?guid=1654787873959&amp;returnUrl=%2fresultado%2flistar%3fguid%3d1654787873959%26quantidadePaginas%3d1%26codigoRegistro%3d983217%23983217&amp;i=1\" target=\"_blank\" rel=\"noopener\">Silva, Thiago Castro do Nascimento.\u00a0<strong>Contradi\u00e7\u00f5es socioespaciais no Porto Maravilha: renova\u00e7\u00e3o urbana e gentrifica\u00e7\u00e3o da \u00e1rea portu\u00e1rio do Rio de Janeiro.\u00a0<\/strong>2016. 111 f. Tese (Doutorado) &#8211; Curso de Geografia, Universidade Estadual de Campinas, Campinas, 2016.<\/a><\/span><\/p>\n<p><em><strong>Palavras-chave\/ Marcadores:\u00a0<\/strong><\/em>Espa\u00e7o urbano, Gentrifica\u00e7\u00e3o, \u00c1reas portu\u00e1rias<\/p>\n<p style=\"text-align: justify;\"><span style=\"color: #000080;\"><a style=\"color: #000080;\" href=\"http:\/\/repositorio.unicamp.br\/acervo\/detalhe\/984891?guid=1654787779797&amp;returnUrl=%2fresultado%2flistar%3fguid%3d1654787779797%26quantidadePaginas%3d1%26codigoRegistro%3d984891%23984891&amp;i=18\" target=\"_blank\" rel=\"noopener\">Tinoco, Gustavo D. R.<strong> Habitar e Controlar: a pol\u00edtica habitacional nos regimes militares do\u00a0Brasil (1964-1986) e do Chile (1973-1989). <\/strong>92 folhas. Trabalho de Conclus\u00e3o de Curso\u00a0(Gradua\u00e7\u00e3o) \u2013 Instituto de Economia. Universidade Estadual de Campinas, Campinas, 2017<\/a>.<\/span><\/p>\n<p><em><strong>Palavras-chave\/ Marcadores:\u00a0<\/strong><\/em>Pol\u00edtica habitacional; Brasil e Politica habitacional; Chile, Ditadura e ditadores; Brasil, Ditadura e ditadores; Chile.<\/p>\n","protected":false},"excerpt":{"rendered":"<p>Oliveira Abr\u00e3o, Gabriel. Programa Minha Casa Minha Vida: pol\u00edtica habitacional\u00a0ou pacote antic\u00edclico? 76 folhas. Trabalho de Conclus\u00e3o de Curso (Gradua\u00e7\u00e3o) \u2013 Instituto de\u00a0Economia. Universidade Estadual [&hellip;] <span class=\"read-more-link\"><a class=\"read-more\" href=\"https:\/\/rehabitare.direito.ufmg.br\/?page_id=284\">Read More<\/a><\/span><\/p>\n","protected":false},"author":1,"featured_media":0,"parent":0,"menu_order":0,"comment_status":"closed","ping_status":"closed","template":"","meta":{"footnotes":""},"class_list":["post-284","page","type-page","status-publish","hentry"],"_links":{"self":[{"href":"https:\/\/rehabitare.direito.ufmg.br\/index.php?rest_route=\/wp\/v2\/pages\/284"}],"collection":[{"href":"https:\/\/rehabitare.direito.ufmg.br\/index.php?rest_route=\/wp\/v2\/pages"}],"about":[{"href":"https:\/\/rehabitare.direito.ufmg.br\/index.php?rest_route=\/wp\/v2\/types\/page"}],"author":[{"embeddable":true,"href":"https:\/\/rehabitare.direito.ufmg.br\/index.php?rest_route=\/wp\/v2\/users\/1"}],"replies":[{"embeddable":true,"href":"https:\/\/rehabitare.direito.ufmg.br\/index.php?rest_route=%2Fwp%2Fv2%2Fcomments&post=284"}],"version-history":[{"count":26,"href":"https:\/\/rehabitare.direito.ufmg.br\/index.php?rest_route=\/wp\/v2\/pages\/284\/revisions"}],"predecessor-version":[{"id":3813,"href":"https:\/\/rehabitare.direito.ufmg.br\/index.php?rest_route=\/wp\/v2\/pages\/284\/revisions\/3813"}],"wp:attachment":[{"href":"https:\/\/rehabitare.direito.ufmg.br\/index.php?rest_route=%2Fwp%2Fv2%2Fmedia&parent=284"}],"curies":[{"name":"wp","href":"https:\/\/api.w.org\/{rel}","templated":true}]}}