{"id":290,"date":"2018-01-17T13:27:32","date_gmt":"2018-01-17T15:27:32","guid":{"rendered":"http:\/\/150.164.250.80\/rehabitare\/?page_id=290"},"modified":"2023-10-26T01:14:11","modified_gmt":"2023-10-26T04:14:11","slug":"relatorios","status":"publish","type":"page","link":"https:\/\/rehabitare.direito.ufmg.br\/?page_id=290","title":{"rendered":"Relat\u00f3rios"},"content":{"rendered":"<p style=\"text-align: justify;\"><span style=\"color: #000080;\"><a style=\"color: #000080;\" href=\"https:\/\/pos.direito.ufmg.br\/downloads\/As-ocupacoes-urbanas.pdf\" target=\"_blank\" rel=\"noopener\">Cidade e Alteridade, Direito\/UFMG ; <strong>PROJETO: MAPEAMENTO DAS OCUPA\u00c7\u00d5ES URBANAS EM BELO HORIZONTE E REGI\u00c3O METROPOLITANA Relat\u00f3rio pelo direito fundamental \u00e0 moradia adequada: estudo do caso de ocupa\u00e7\u00f5es urbanas em Belo Horizonte e regi\u00e3o metropolitana<\/strong> Relat\u00f3rio parcial: abril de 2015; UFMG; ; Relat\u00f3rio; Ocupa\u00e7\u00f5es Urbanas;<\/a><\/span><\/p>\n<p><span style=\"color: #000080;\"><a style=\"color: #000080;\" href=\"http:\/\/www.bibliotecadigital.mg.gov.br\/consulta\/consultaDetalheDocumento.php?iCodDocumento=73954\" target=\"_blank\" rel=\"noopener\">Funda\u00e7\u00e3o Jo\u00e3o Pinheiro. <strong>D\u00e9ficit habitacional municipal no Brasil 2010<\/strong>; FJP; Relat\u00f3rio; Estudos da habita\u00e7\u00e3o<\/a><\/span><\/p>\n<p><a href=\"https:\/\/drive.google.com\/file\/d\/1nJBhqFcDLKbrGxS-BlBcn73UEtJkl-B5\/view\" target=\"_blank\" rel=\"noopener\">Funda\u00e7\u00e3o Jo\u00e3o Pinheiro. <strong>D\u00e9ficit habitacional no Brasil por cor ou ra\u00e7a (2016-2019)<\/strong>. FJP; Relat\u00f3rio; Estudos da habita\u00e7\u00e3o.<\/a><\/p>\n<p style=\"text-align: justify;\"><span style=\"color: #000080;\"><a style=\"color: #000080;\" href=\"http:\/\/www.bibliotecadigital.mg.gov.br\/consulta\/consultaDetalheDocumento.php?iCodDocumento=48726\" target=\"_blank\" rel=\"noopener\">Funda\u00e7\u00e3o Jo\u00e3o Pinheiro; <strong>Habitar \u00e9 um direito: pol\u00edtica habitacional do estado de Minas Gerais: formula\u00e7\u00e3o de uma pol\u00edtica habitacional<\/strong>; FJP; ; Relat\u00f3rio; Pol\u00edticas Habitacionais;\u00a0<\/a><\/span><\/p>\n<p style=\"text-align: justify;\"><span style=\"color: #000080;\"><a style=\"color: #000080;\" href=\"http:\/\/www.bibliotecadigital.mg.gov.br\/consulta\/consultaDetalheDocumento.php?iCodDocumento=49552\" target=\"_blank\" rel=\"noopener\">Funda\u00e7\u00e3o Jo\u00e3o Pinheiro; <strong>Gest\u00e3o e Desigualdade Social na Regi\u00e3o Metropolitana de Belo Horizonte<\/strong>; FJP; ; Relat\u00f3rio; Pol\u00edticas Habitacionais;\u00a0<\/a><\/span><\/p>\n<p style=\"text-align: justify;\"><span style=\"color: #000080;\"><a style=\"color: #000080;\" href=\"http:\/\/www.bibliotecadigital.mg.gov.br\/consulta\/consultaDetalheDocumento.php?iCodDocumento=47852\" target=\"_blank\" rel=\"noopener\">Funda\u00e7\u00e3o Jo\u00e3o Pinheiro; <strong>Avalia\u00e7\u00e3o do PROFILURB no Brasil<\/strong>.; FJP; ; Relat\u00f3rio; Pol\u00edticas Habitacionais;\u00a0<\/a><\/span><\/p>\n<p style=\"text-align: justify;\"><span style=\"color: #000080;\"><a style=\"color: #000080;\" href=\"https:\/\/www.observatoriodasmetropoles.net.br\/relatorio-corticos-na-area-central-do-rio-de-janeiro\/\" target=\"_blank\" rel=\"noopener\">Metr\u00f3poles, Observat\u00f3rio das; (CMP-RJ), Central de Movimentos Populares.\u00a0<strong>Relat\u00f3rio: Corti\u00e7os na \u00c1rea Central do Rio de Janeiro.\u00a0<\/strong>2019.<\/a><\/span><\/p>\n<p><span style=\"color: #000080;\"><a style=\"color: #000080;\" href=\"https:\/\/www.observatoriodasmetropoles.net.br\/wp-content\/uploads\/2021\/04\/Relatorio-Final_Belo-Horizonte_UFMG.pdf\" target=\"_blank\" rel=\"noopener\">Metr\u00f3poles, Observat\u00f3rio das; (N\u00facleo RMBH), <strong>GT Habita\u00e7\u00e3o e Cidade. Relat\u00f3rio: Direito \u00e0 Cidade e Habita\u00e7\u00e3o: Condicionantes institucionais e normativas para a implementa\u00e7\u00e3o de pol\u00edticas (programas e projetos) de urbaniza\u00e7\u00e3o de favelas no Munic\u00edpio de Belo Horizonte<\/strong>, 2021.<\/a><\/span><\/p>\n<p style=\"text-align: justify;\"><span style=\"color: #000080;\"><a style=\"color: #000080;\" href=\"https:\/\/polis.org.br\/publicacoes\/direito-a-moradia-no-brasil-violacoes-praticas-positivas-e-recomendacoes-ao-governo-brasileiro\/\" target=\"_blank\" rel=\"noopener\"><strong>Miss\u00e3o Conjunta da Relatoria Nacional e da ONU; O Direito \u00e0 Moradia no Brasil Viola\u00e7\u00f5es, pr\u00e1ticas positivas e recomenda\u00e7\u00f5es ao governo brasileiro;<\/strong> ONU; 2004; Relat\u00f3rio; Pol\u00edticas Habitacionais;<\/a><\/span><\/p>\n<p style=\"text-align: justify;\"><span style=\"color: #000080;\"><a style=\"color: #000080;\" href=\"http:\/\/docplayer.com.br\/35605604-Principios-basicos-e-directrizes-sobre-as-expulsoes-e-o-deslocamento-com-origem-no-desenvolvimento.html\" target=\"_blank\" rel=\"noopener\"><strong>Princ\u00edpios B\u00e1sicos e Diretrizes sobre as Expuls\u00f5es e o Deslocamento com Origem no Desenvolvimento.<\/strong> Anexo 1 do relat\u00f3rio do Relat\u00f3rio Especial sobre habita\u00e7\u00e3o adequada como componente do direito a um n\u00edvel de vida adequado A\/HRC\/4\/18.<\/a><\/span><\/p>\n<p style=\"text-align: justify;\"><span style=\"color: #000080;\"><a style=\"color: #000080;\" href=\"http:\/\/issuu.com\/praxisufmg\/docs\/grupo_praxis\/1?e=0\" target=\"_blank\" rel=\"noopener\">Praxis. <strong>Uma leitura sobre a pol\u00edtica habitacional de Belo Horizonte.<\/strong> Solicita\u00e7\u00e3o: Minist\u00e9rio P\u00fablico Federal. PRAXIS, Belo Horizonte, 2010.\u00a0<\/a><\/span><\/p>\n<p style=\"text-align: justify;\">\n","protected":false},"excerpt":{"rendered":"<p>Cidade e Alteridade, Direito\/UFMG ; PROJETO: MAPEAMENTO DAS OCUPA\u00c7\u00d5ES URBANAS EM BELO HORIZONTE E REGI\u00c3O METROPOLITANA Relat\u00f3rio pelo direito fundamental \u00e0 moradia adequada: estudo do [&hellip;] <span class=\"read-more-link\"><a class=\"read-more\" href=\"https:\/\/rehabitare.direito.ufmg.br\/?page_id=290\">Read More<\/a><\/span><\/p>\n","protected":false},"author":1,"featured_media":0,"parent":0,"menu_order":0,"comment_status":"closed","ping_status":"closed","template":"","meta":{"footnotes":""},"class_list":["post-290","page","type-page","status-publish","hentry"],"_links":{"self":[{"href":"https:\/\/rehabitare.direito.ufmg.br\/index.php?rest_route=\/wp\/v2\/pages\/290"}],"collection":[{"href":"https:\/\/rehabitare.direito.ufmg.br\/index.php?rest_route=\/wp\/v2\/pages"}],"about":[{"href":"https:\/\/rehabitare.direito.ufmg.br\/index.php?rest_route=\/wp\/v2\/types\/page"}],"author":[{"embeddable":true,"href":"https:\/\/rehabitare.direito.ufmg.br\/index.php?rest_route=\/wp\/v2\/users\/1"}],"replies":[{"embeddable":true,"href":"https:\/\/rehabitare.direito.ufmg.br\/index.php?rest_route=%2Fwp%2Fv2%2Fcomments&post=290"}],"version-history":[{"count":26,"href":"https:\/\/rehabitare.direito.ufmg.br\/index.php?rest_route=\/wp\/v2\/pages\/290\/revisions"}],"predecessor-version":[{"id":3862,"href":"https:\/\/rehabitare.direito.ufmg.br\/index.php?rest_route=\/wp\/v2\/pages\/290\/revisions\/3862"}],"wp:attachment":[{"href":"https:\/\/rehabitare.direito.ufmg.br\/index.php?rest_route=%2Fwp%2Fv2%2Fmedia&parent=290"}],"curies":[{"name":"wp","href":"https:\/\/api.w.org\/{rel}","templated":true}]}}