{"id":297,"date":"2018-01-17T13:29:01","date_gmt":"2018-01-17T15:29:01","guid":{"rendered":"http:\/\/150.164.250.80\/rehabitare\/?page_id=297"},"modified":"2022-06-09T20:58:31","modified_gmt":"2022-06-09T23:58:31","slug":"links-uteis","status":"publish","type":"page","link":"https:\/\/rehabitare.direito.ufmg.br\/?page_id=297","title":{"rendered":"Links \u00dateis"},"content":{"rendered":"<p style=\"text-align: justify;\"><span style=\"font-weight: 400;\">Nos Links \u00fateis, disponibilizaremos p\u00e1ginas governamentais e n\u00e3o governamentais, blogs de pesquisadores, institutos, institui\u00e7\u00f5es e grupos de pesquisa\/extens\u00e3o da UFMG que investigam tem\u00e1ticas afins.<\/span><\/p>\n<h3 style=\"text-align: justify;\"><span style=\"font-weight: 400;\">BLOGS<\/span><\/h3>\n<h4 style=\"text-align: justify;\"><a href=\"https:\/\/erminiamaricato.net\/\" target=\"_blank\" rel=\"noopener\"><span style=\"font-weight: 400;\">Erm\u00ednia Maricato<\/span><\/a><\/h4>\n<h4 style=\"text-align: justify;\"><span style=\"font-weight: 400;\"><a href=\"https:\/\/raquelrolnik.wordpress.com\/\" target=\"_blank\" rel=\"noopener\">Raquel Rolnik<\/a>\u00a0(<a href=\"https:\/\/raquelrolnik.blogosfera.uol.com.br\/category\/habitacao\/\" target=\"_blank\" rel=\"noopener\">a cidade \u00e9 nossa &#8211; uol<\/a>)<\/span><\/h4>\n<h3 style=\"text-align: justify;\"><span style=\"font-weight: 400;\">COLETIVOS\u00a0 \u00a0 \u00a0 \u00a0 \u00a0 \u00a0 \u00a0 \u00a0 \u00a0 \u00a0 \u00a0 \u00a0 \u00a0 \u00a0 \u00a0 \u00a0 \u00a0 \u00a0 \u00a0 \u00a0 \u00a0 \u00a0 \u00a0 \u00a0 \u00a0 \u00a0 \u00a0 \u00a0 \u00a0 \u00a0 \u00a0 \u00a0 \u00a0 \u00a0 \u00a0 \u00a0 \u00a0 \u00a0 \u00a0 \u00a0 \u00a0 \u00a0 \u00a0 \u00a0 \u00a0 <\/span><a href=\"https:\/\/mundareudaluz.org\/sobre-o-forum\/\" target=\"_blank\" rel=\"noopener\"><span style=\"font-weight: 400; font-size: 12pt;\">MUNDAR\u00c9U DA LUZ<\/span><\/a><\/h3>\n<h3 style=\"text-align: justify;\"><span style=\"font-weight: 400;\">GRUPOS DE PESQUISA E EXTENS\u00c3O<\/span><\/h3>\n<p><a href=\"http:\/\/www.labcidade.fau.usp.br\/\" target=\"_blank\" rel=\"noopener\">LABCIDADE<\/a><\/p>\n<h3 style=\"text-align: justify;\"><span style=\"font-weight: 400;\">GRUPOS DE PESQUISA E EXTENS\u00c3O DA UFMG<\/span><\/h3>\n<h4 style=\"text-align: justify;\"><span style=\"font-weight: 400;\"><a href=\"http:\/\/blog.indisciplinar.com\/\" target=\"_blank\" rel=\"noopener\">Indisciplinar<\/a>\u00a0(<a href=\"http:\/\/wiki.indisciplinar.com\/index.php?title=P%C3%A1gina_principal\">atual<\/a>)<\/span><\/h4>\n<h4 style=\"text-align: justify;\"><a href=\"https:\/\/polos.direito.ufmg.br\/\" target=\"_blank\" rel=\"noopener\"><span style=\"font-weight: 400;\">Polos de Cidadania \/ UFMG<\/span><\/a><\/h4>\n<h4 style=\"text-align: justify;\"><a href=\"https:\/\/praxis.arq.ufmg.br\/\" target=\"_blank\" rel=\"noopener\"><span style=\"font-weight: 400;\">PRAXIS \/ UFMG<\/span><\/a><\/h4>\n<h4 style=\"text-align: justify;\"><a href=\"http:\/\/www.mom.arq.ufmg.br\/mom\/index.html\" target=\"_blank\" rel=\"noopener\"><span style=\"font-weight: 400;\">MOM Morar de Outras Maneiras \/ UFMG<\/span><\/a><\/h4>\n<h3 style=\"text-align: justify;\"><span style=\"font-weight: 400;\">INSTITUTOS E INSTITUI\u00c7\u00d5ES DE PESQUISA<\/span><\/h3>\n<h4 style=\"text-align: justify;\"><a href=\"https:\/\/sistema.bibliotecas-bdigital.fgv.br\/\" target=\"_blank\" rel=\"noopener\"><span style=\"font-weight: 400;\">Funda\u00e7\u00e3o Get\u00falio Vargas<\/span><\/a><\/h4>\n<h4 style=\"text-align: justify;\"><a href=\"https:\/\/www.israelpinheiro.org.br\/\" target=\"_blank\" rel=\"noopener\"><span style=\"font-weight: 400;\">Funda\u00e7\u00e3o Israel Pinheiro<\/span><\/a><\/h4>\n<h4 style=\"text-align: justify;\"><a href=\"http:\/\/fjp.mg.gov.br\/publicacoes\/\" target=\"_blank\" rel=\"noopener\"><span style=\"font-weight: 400;\">Funda\u00e7\u00e3o Jo\u00e3o Pinheiro<\/span><\/a><\/h4>\n<h4 style=\"text-align: justify;\"><a href=\"http:\/\/www.ibdu.org.br\/\" target=\"_blank\" rel=\"noopener\"><span style=\"font-weight: 400;\">Instituto Brasileiro de Direito Urban\u00edstico<\/span><\/a><\/h4>\n<h3 style=\"text-align: justify;\"><span style=\"font-weight: 400;\">ONGs<\/span><\/h3>\n<h4 style=\"text-align: justify;\"><a href=\"http:\/\/gaspargarcia.org.br\/biblioteca\/publicacoes\/\" target=\"_blank\" rel=\"noopener\"><span style=\"font-weight: 400;\">Centro Gaspar Garcia<\/span><\/a><\/h4>\n<h4 style=\"text-align: justify;\"><a href=\"http:\/\/www.favelaeissoai.com.br\/o-projeto\/\" target=\"_blank\" rel=\"noopener\"><span style=\"font-weight: 400;\">Favela \u00c9 Isso A\u00ed<\/span><\/a><\/h4>\n<h4 style=\"text-align: justify;\"><a href=\"http:\/\/polis.org.br\/institucional\/#page_o-que-e-o-polis\" target=\"_blank\" rel=\"noopener\"><span style=\"font-weight: 400;\">Instituto P\u00f3lis<\/span><\/a><\/h4>\n<h4 style=\"text-align: justify;\"><a href=\"http:\/\/terradedireitos.org.br\/\" target=\"_blank\" rel=\"noopener\"><span style=\"font-weight: 400;\">Terra de Direitos<\/span><\/a><\/h4>\n<h3 style=\"text-align: justify;\"><span style=\"font-weight: 400;\">ONU<\/span><\/h3>\n<h4 style=\"text-align: justify;\"><a href=\"https:\/\/nacoesunidas.org\/agencias\/onuhabitat\/\" target=\"_blank\" rel=\"noopener\"><span style=\"font-weight: 400;\">ONU BR<\/span><\/a><\/h4>\n<h4 style=\"text-align: justify;\"><a href=\"http:\/\/unhabitat.org\/books\/diretrizes-internacionais-para-planejamento-urbano-e-territorial\/\" target=\"_blank\" rel=\"noopener\"><span style=\"font-weight: 400;\">UN-HABITAT<\/span><\/a><\/h4>\n<h4 style=\"text-align: justify;\"><a href=\"http:\/\/www.ohchr.org\/en\/issues\/housing\/pages\/housingindex.aspx\" target=\"_blank\" rel=\"noopener\"><span style=\"font-weight: 400;\">Relatoria Especial do Conselho de Direitos Humanos a ONU para o Direito \u00e0 Moradia Adequada<\/span><\/a><\/h4>\n<h3 style=\"text-align: justify;\"><span style=\"font-weight: 400;\">OBSERVAT\u00d3RIOS<\/span><\/h3>\n<h4 style=\"text-align: justify;\"><a href=\"https:\/\/observasp.wordpress.com\/projeto\/\" target=\"_blank\" rel=\"noopener\"><span style=\"font-weight: 400;\">Observa SP<\/span><\/a><\/h4>\n<h4 style=\"text-align: justify;\"><a href=\"http:\/\/www.observatoriodasmetropoles.net.br\/\" target=\"_blank\" rel=\"noopener\"><span style=\"font-weight: 400;\">Observat\u00f3rio das Metr\u00f3poles<\/span><\/a><\/h4>\n<h4 style=\"text-align: justify;\"><a href=\"http:\/\/www.observaconflitosrio.ippur.ufrj.br\/site\/\" target=\"_blank\" rel=\"noopener\"><span style=\"font-weight: 400;\">Observat\u00f3rio de Conflitos Urbanos<\/span><\/a><\/h4>\n<h3 style=\"text-align: justify;\"><span style=\"font-weight: 400;\">ORGANIZA\u00c7\u00d5ES GOVERNAMENTAIS<\/span><\/h3>\n<h4 style=\"text-align: justify;\"><a href=\"https:\/\/www12.senado.leg.br\/hpsenado\" target=\"_blank\" rel=\"noopener\"><span style=\"font-weight: 400;\">Senado Federal<\/span><\/a><\/h4>\n<h4 style=\"text-align: justify;\"><a href=\"http:\/\/www.sdh.gov.br\/\" target=\"_blank\" rel=\"noopener\"><span style=\"font-weight: 400;\">Secretaria Especial de Direitos Humanos<\/span><\/a><\/h4>\n<h4 style=\"text-align: justify;\"><a href=\"http:\/\/www.capacidades.gov.br\/\" target=\"_blank\" rel=\"noopener\"><span style=\"font-weight: 400;\">Capacidades<\/span><\/a><\/h4>\n<h4 style=\"text-align: justify;\"><a href=\"http:\/\/www.gddc.pt\/apresentacao\/quem-somos.html\" target=\"_blank\" rel=\"noopener\"><span style=\"font-weight: 400;\">Gabinete de Documenta\u00e7\u00e3o e Direito Comparado<\/span><\/a><\/h4>\n<h4 style=\"text-align: justify;\"><a href=\"http:\/\/www.inde.gov.br\/a-inde\/apresentacao.html\" target=\"_blank\" rel=\"noopener\"><span style=\"font-weight: 400;\">InfraestRuTUra Nacional de Dados Espaciais<\/span><\/a><\/h4>\n<h4 style=\"text-align: justify;\"><a href=\"http:\/\/www.ipea.gov.br\/portal\/\" target=\"_blank\" rel=\"noopener\"><span style=\"font-weight: 400;\">Instituto de Pesquisa Econ\u00f4mica e Aplicada<\/span><\/a><\/h4>\n<h4 style=\"text-align: justify;\"><a href=\"http:\/\/www.ibge.gov.br\/home\/mapa_site\/mapa_site.php\" target=\"_blank\" rel=\"noopener\"><span style=\"font-weight: 400;\">Instituto Brasileiro de Geografia e Estat\u00edstica<\/span><\/a><\/h4>\n<h4 style=\"text-align: justify;\"><a href=\"http:\/\/www.mpf.mp.br\/pfdc\/@@search?path=&amp;SearchableText=moradia+adequada\" target=\"_blank\" rel=\"noopener\"><span style=\"font-weight: 400;\">Procuradoria Federal dos Direitos do Cidad\u00e3o<\/span><\/a><\/h4>\n<h3 style=\"text-align: justify;\"><span style=\"font-weight: 400;\">BIBLIOTECAS DIGITAIS<\/span><\/h3>\n<h4 style=\"text-align: justify;\"><a href=\"http:\/\/www.infohab.org.br\/index\/institucional\" target=\"_blank\" rel=\"noopener\"><span style=\"font-weight: 400;\">InfoHab Centro de Refer\u00eancia e Informa\u00e7\u00e3o em Habita\u00e7\u00e3o<\/span><\/a><\/h4>\n<h4 style=\"text-align: justify;\"><a href=\"https:\/\/www.ufmg.br\/biblioteca\/\" target=\"_blank\" rel=\"noopener\"><span style=\"font-weight: 400;\">Biblioteca Digital da UFMG<\/span><\/a><\/h4>\n<h4 style=\"text-align: justify;\"><a href=\"http:\/\/www-periodicos-capes-gov-br.ez27.periodicos.capes.gov.br\/index.php?option=com_phome\" target=\"_blank\" rel=\"noopener\"><span style=\"font-weight: 400;\">Portal de Peri\u00f3dicos da CAPES<\/span><\/a><\/h4>\n<h4 style=\"text-align: justify;\"><a href=\"http:\/\/www.dominiopublico.gov.br\/pesquisa\/PesquisaObraForm.jsp\" target=\"_blank\" rel=\"noopener\"><span style=\"font-weight: 400;\">Dom\u00ednio P\u00fablico<\/span><\/a><\/h4>\n<h4 style=\"text-align: justify;\"><a href=\"http:\/\/www.bibliotecadigital.mg.gov.br\/apresentacao\/apresentacao.php\" target=\"_blank\" rel=\"noopener\"><span style=\"font-weight: 400;\">Biblioteca Digital do Estado de Minas Gerais<\/span><\/a><\/h4>\n<h4 style=\"text-align: justify;\"><a href=\"http:\/\/bdtd.ibict.br\/vufind\/\" target=\"_blank\" rel=\"noopener\"><span style=\"font-weight: 400;\">Biblioteca Digital Brasileira de Teses e Disserta\u00e7\u00f5es<\/span><\/a><\/h4>\n<h4 style=\"text-align: justify;\"><a href=\"http:\/\/www.scielo.org\/php\/index.php\" target=\"_blank\" rel=\"noopener\"><span style=\"font-weight: 400;\">SCIELO (Scientific Electronic Library Online)<\/span><\/a><\/h4>\n<h4 style=\"text-align: justify;\"><a href=\"http:\/\/www.teses.usp.br\/\" target=\"_blank\" rel=\"noopener\"><span style=\"font-weight: 400;\">Biblioteca Digital USP Teses e Disserta\u00e7\u00f5es<\/span><\/a><\/h4>\n<h4 style=\"text-align: justify;\"><a href=\"http:\/\/www.bibliotecadigital.unicamp.br\/bibdig\/apresentacao.php?lg=\" target=\"_blank\" rel=\"noopener\"><span style=\"font-weight: 400;\">Biblioteca Digital da UNICAMP<\/span><\/a><\/h4>\n<h4 style=\"text-align: justify;\"><a href=\"http:\/\/bdjur.stj.jus.br\/jspui\/\" target=\"_blank\" rel=\"noopener\"><span style=\"font-weight: 400;\">Biblioteca Digital Jur\u00eddica BDJUR<\/span><\/a><\/h4>\n<h4 style=\"text-align: justify;\"><a href=\"https:\/\/grupogpect.info\/2014\/06\/25\/biblioteca-digital-da-questao-agraria-brasileira\/\" target=\"_blank\" rel=\"noopener\"><span style=\"font-weight: 400;\">Biblioteca Digital da Quest\u00e3o Agr\u00e1ria Brasileira<\/span><\/a><\/h4>\n","protected":false},"excerpt":{"rendered":"<p>Nos Links \u00fateis, disponibilizaremos p\u00e1ginas governamentais e n\u00e3o governamentais, blogs de pesquisadores, institutos, institui\u00e7\u00f5es e grupos de pesquisa\/extens\u00e3o da UFMG que investigam tem\u00e1ticas afins. BLOGS [&hellip;] <span class=\"read-more-link\"><a class=\"read-more\" href=\"https:\/\/rehabitare.direito.ufmg.br\/?page_id=297\">Read More<\/a><\/span><\/p>\n","protected":false},"author":1,"featured_media":0,"parent":0,"menu_order":0,"comment_status":"closed","ping_status":"closed","template":"","meta":{"footnotes":""},"class_list":["post-297","page","type-page","status-publish","hentry"],"_links":{"self":[{"href":"https:\/\/rehabitare.direito.ufmg.br\/index.php?rest_route=\/wp\/v2\/pages\/297"}],"collection":[{"href":"https:\/\/rehabitare.direito.ufmg.br\/index.php?rest_route=\/wp\/v2\/pages"}],"about":[{"href":"https:\/\/rehabitare.direito.ufmg.br\/index.php?rest_route=\/wp\/v2\/types\/page"}],"author":[{"embeddable":true,"href":"https:\/\/rehabitare.direito.ufmg.br\/index.php?rest_route=\/wp\/v2\/users\/1"}],"replies":[{"embeddable":true,"href":"https:\/\/rehabitare.direito.ufmg.br\/index.php?rest_route=%2Fwp%2Fv2%2Fcomments&post=297"}],"version-history":[{"count":21,"href":"https:\/\/rehabitare.direito.ufmg.br\/index.php?rest_route=\/wp\/v2\/pages\/297\/revisions"}],"predecessor-version":[{"id":3363,"href":"https:\/\/rehabitare.direito.ufmg.br\/index.php?rest_route=\/wp\/v2\/pages\/297\/revisions\/3363"}],"wp:attachment":[{"href":"https:\/\/rehabitare.direito.ufmg.br\/index.php?rest_route=%2Fwp%2Fv2%2Fmedia&parent=297"}],"curies":[{"name":"wp","href":"https:\/\/api.w.org\/{rel}","templated":true}]}}