{"id":302,"date":"2018-01-17T13:39:40","date_gmt":"2018-01-17T15:39:40","guid":{"rendered":"http:\/\/150.164.250.80\/rehabitare\/?page_id=302"},"modified":"2018-05-25T15:07:08","modified_gmt":"2018-05-25T18:07:08","slug":"contato-2","status":"publish","type":"page","link":"https:\/\/rehabitare.direito.ufmg.br\/?page_id=302","title":{"rendered":"Contato"},"content":{"rendered":"<p style=\"text-align: justify;\"><span style=\"font-weight: 400;\">Faculdade de Direito e Ci\u00eancias do Estado da UFMG <\/span><\/p>\n<p style=\"text-align: justify;\"><span style=\"font-weight: 400;\">Av. Jo\u00e3o Pinheiro, 100 &#8211; Edif\u00edcio Villas Boas &#8211; 10\u00ba andar &#8211; Sala 1009 &#8211; Centro<\/span><\/p>\n<p style=\"text-align: justify;\"><span style=\"font-weight: 400;\">Belo Horizonte \/ Minas Gerais, Brasil &#8211; CEP: 30130-180<\/span><\/p>\n<p style=\"text-align: justify;\"><span style=\"font-weight: 400;\">E-mail: rehabitare@direito.ufmg.br<\/span><\/p>\n<p><span style=\"font-weight: 400;\"><a href=\"https:\/\/www.facebook.com\/rehabitare\/\" target=\"_blank\" rel=\"noopener\"><img decoding=\"async\" class=\"alignleft wp-image-523\" src=\"http:\/\/150.164.250.80\/rehabitare\/wp-content\/uploads\/2018\/01\/facebook_circle-512.png\" alt=\"\" width=\"64\" height=\"64\" \/><\/a><\/span><\/p>\n<p><a href=\"https:\/\/www.facebook.com\/groups\/569404256438531\/?ref=br_rs\" target=\"_blank\" rel=\"noopener\"><img decoding=\"async\" class=\"wp-image-524 alignnone\" src=\"http:\/\/150.164.250.80\/rehabitare\/wp-content\/uploads\/2018\/01\/FB-group-new.jpg\" alt=\"\" width=\"99\" height=\"59\" \/><\/a><\/p>\n<p>&nbsp;<\/p>\n<p>&nbsp;<\/p>\n<p>&nbsp;<\/p>\n","protected":false},"excerpt":{"rendered":"<p>Faculdade de Direito e Ci\u00eancias do Estado da UFMG Av. Jo\u00e3o Pinheiro, 100 &#8211; Edif\u00edcio Villas Boas &#8211; 10\u00ba andar &#8211; Sala 1009 &#8211; Centro [&hellip;] <span class=\"read-more-link\"><a class=\"read-more\" href=\"https:\/\/rehabitare.direito.ufmg.br\/?page_id=302\">Read More<\/a><\/span><\/p>\n","protected":false},"author":1,"featured_media":0,"parent":0,"menu_order":0,"comment_status":"closed","ping_status":"closed","template":"","meta":{"footnotes":""},"class_list":["post-302","page","type-page","status-publish","hentry"],"_links":{"self":[{"href":"https:\/\/rehabitare.direito.ufmg.br\/index.php?rest_route=\/wp\/v2\/pages\/302"}],"collection":[{"href":"https:\/\/rehabitare.direito.ufmg.br\/index.php?rest_route=\/wp\/v2\/pages"}],"about":[{"href":"https:\/\/rehabitare.direito.ufmg.br\/index.php?rest_route=\/wp\/v2\/types\/page"}],"author":[{"embeddable":true,"href":"https:\/\/rehabitare.direito.ufmg.br\/index.php?rest_route=\/wp\/v2\/users\/1"}],"replies":[{"embeddable":true,"href":"https:\/\/rehabitare.direito.ufmg.br\/index.php?rest_route=%2Fwp%2Fv2%2Fcomments&post=302"}],"version-history":[{"count":9,"href":"https:\/\/rehabitare.direito.ufmg.br\/index.php?rest_route=\/wp\/v2\/pages\/302\/revisions"}],"predecessor-version":[{"id":526,"href":"https:\/\/rehabitare.direito.ufmg.br\/index.php?rest_route=\/wp\/v2\/pages\/302\/revisions\/526"}],"wp:attachment":[{"href":"https:\/\/rehabitare.direito.ufmg.br\/index.php?rest_route=%2Fwp%2Fv2%2Fmedia&parent=302"}],"curies":[{"name":"wp","href":"https:\/\/api.w.org\/{rel}","templated":true}]}}