{"id":332,"date":"2018-01-17T14:05:13","date_gmt":"2018-01-17T16:05:13","guid":{"rendered":"http:\/\/150.164.250.80\/rehabitare\/?page_id=332"},"modified":"2018-04-03T12:44:27","modified_gmt":"2018-04-03T15:44:27","slug":"legislacao-estadual","status":"publish","type":"page","link":"https:\/\/rehabitare.direito.ufmg.br\/?page_id=332","title":{"rendered":"Legisla\u00e7\u00e3o Estadual"},"content":{"rendered":"\t\t<div class=\"faq-accordion \" id=\"faq-accordion-1\" data-accordion-group data-conf=\"{&quot;single_open&quot;:&quot;true&quot;,&quot;transition_speed&quot;:300}\">\n\t\t\t\t\t\t\t<div data-accordion class=\"faq-main\">\n\t\t\t\t\t<div data-control class=\"faq-title\">\n\t\t\t\t\t\t<h4>CONSTITUI\u00c7\u00c3O ESTADUAL<\/h4>\n\t\t\t\t\t<\/div>\n\t\t\t\t\t<div data-content>\n\t\t\t\t\t\t\t\t\t\t\t\t<div class=\"faq-content\"><p><b>Constitui\u00e7\u00e3o do Estado de Minas Gerais.<\/b><\/p>\n<p>\u00cdntegra: Site da\u00a0<a href=\"https:\/\/www.almg.gov.br\/export\/sites\/default\/consulte\/legislacao\/Downloads\/pdfs\/ConstituicaoEstadual.pdf\" target=\"_blank\" rel=\"noopener\" data-slimstat=\"3\">Assembl\u00e9ia Legislativa de Minas Gerais<\/a>\u00a0e site do\u00a0<a href=\"http:\/\/www2.senado.leg.br\/bdsf\/item\/id\/70446\" target=\"_blank\" rel=\"noopener\" data-slimstat=\"5\">Senado Federal<\/a><\/p>\n<p>&nbsp;<\/p>\n<\/div>\n\t\t\t\t\t<\/div>\n\t\t\t\t<\/div>\n\t\t\t\t\t<\/div>\n\t\n\t\t<div class=\"faq-accordion \" id=\"faq-accordion-2\" data-accordion-group data-conf=\"{&quot;single_open&quot;:&quot;true&quot;,&quot;transition_speed&quot;:300}\">\n\t\t\t\t\t\t\t<div data-accordion class=\"faq-main\">\n\t\t\t\t\t<div data-control class=\"faq-title\">\n\t\t\t\t\t\t<h4>LEI<\/h4>\n\t\t\t\t\t<\/div>\n\t\t\t\t\t<div data-content>\n\t\t\t\t\t\t\t\t\t\t\t\t<div class=\"faq-content\"><p dir=\"ltr\"><strong>Lei n\u00ba 25.128, de 03 de janeiro de 2025:<\/strong> Disp\u00f5e sobre a reserva de unidades habitacionais dos programas estaduais de financiamento de moradia popular para aquisi\u00e7\u00e3o por pessoas com defici\u00eancia, com mobilidade reduzida ou idosas e d\u00e1 outras provid\u00eancias.<\/p>\n<p dir=\"ltr\">\u00cdntegra: <a href=\"https:\/\/www.almg.gov.br\/legislacao-mineira\/LEI\/25128\/2025\/#:~:text=Disp\u00f5e%20sobre%20a%20reserva%20de,idosas%20e%20d\u00e1%20outras\">Site da Assembleia Legislativa de Minas Gerais<\/a><\/p>\n<p id=\"docs-internal-guid-a526f2d6-7fff-73a3-11de-924a1f46c37f\" dir=\"ltr\"><strong>Lei n\u00ba 25.046, de 11 de dezembro de 2024: <\/strong>Institui a pol\u00edtica estadual de produ\u00e7\u00e3o social de moradias por autogest\u00e3o.<\/p>\n<p dir=\"ltr\">\u00cdntegra: <a href=\"https:\/\/www.almg.gov.br\/legislacao-mineira\/texto\/LEI\/25046\/2024\/\">Site da Assembleia Legislativa de Minas Gerais<\/a><\/p>\n<p style=\"text-align: justify;\"><b>Lei n\u00ba 18.315, de 06 de agosto de 2009:\u00a0<\/b>Estabelece diretrizes para a formula\u00e7\u00e3o da pol\u00edtica estadual habitacional de interesse social \u2013 PEHIS.<\/p>\n<p style=\"text-align: justify;\">\u00cdntegra: Site da\u00a0<a href=\"http:\/\/www.almg.gov.br\/consulte\/legislacao\/completa\/completa.html?tipo=LEI&amp;num=18315&amp;ano=2009\" target=\"_blank\" rel=\"noopener\" data-slimstat=\"5\">Assembl\u00e9ia Legislativa de Minas Gerais<\/a><\/p>\n<p style=\"text-align: justify;\"><b>Lei n\u00b0 13.604, de 28 de junho de 2000:\u00a0<\/b>Cria comiss\u00e3o especial para acompanhar os processos de desocupa\u00e7\u00e3o de \u00e1reas invadidas para assentamento rural ou urbano no Estado.<\/p>\n<p style=\"text-align: justify;\">\u00cdntegra: Site da\u00a0<a href=\"http:\/\/www.almg.gov.br\/consulte\/legislacao\/completa\/completa.html?tipo=LEI&amp;num=13604&amp;ano=2000\" target=\"_blank\" rel=\"noopener\" data-slimstat=\"5\">Assembl\u00e9ia Legislativa de Minas Gerais<\/a><\/p>\n<p style=\"text-align: justify;\"><b>Lei n\u00b0 11.622, de 06 de outubro de 1994:<\/b>\u00a0Cria o Programa Mineiro de Apoio e Orienta\u00e7\u00e3o T\u00e9cnica \u00e0 constru\u00e7\u00e3o, \u00e0 reforma e \u00e0 melhoria de moradia para Fam\u00edlias de Baixa Renda \u2013 PROMORAR.<\/p>\n<p style=\"text-align: justify;\">\u00cdntegra: Site da\u00a0<a href=\"https:\/\/www.almg.gov.br\/consulte\/legislacao\/completa\/completa.html?tipo=LEI&amp;num=11622&amp;comp=&amp;ano=1994\" target=\"_blank\" rel=\"noopener\" data-slimstat=\"5\">Assembl\u00e9ia Legislativa de Minas Gerais<\/a><\/p>\n<p style=\"text-align: justify;\"><b>Lei n\u00b0 11.265, de 04 de novembro de 1993:\u00a0<\/b>Disp\u00f5e sobre os programas de constru\u00e7\u00e3o e reforma de unidades habitacionais populares em zona rural e d\u00e1 outras provid\u00eancias.<\/p>\n<p>\u00cdntegra: Site da\u00a0<a href=\"https:\/\/www.almg.gov.br\/consulte\/legislacao\/completa\/completa.html?tipo=LEI&amp;num=11265&amp;comp=&amp;ano=1993\" target=\"_blank\" rel=\"noopener\" data-slimstat=\"5\">Assembl\u00e9ia Legislativa de Minas Gerais<\/a><\/p>\n<p>&nbsp;<\/p>\n<\/div>\n\t\t\t\t\t<\/div>\n\t\t\t\t<\/div>\n\t\t\t\t\t<\/div>\n\t\n\t\t<div class=\"faq-accordion \" id=\"faq-accordion-3\" data-accordion-group data-conf=\"{&quot;single_open&quot;:&quot;true&quot;,&quot;transition_speed&quot;:300}\">\n\t\t\t\t\t\t\t<div data-accordion class=\"faq-main\">\n\t\t\t\t\t<div data-control class=\"faq-title\">\n\t\t\t\t\t\t<h4>DECRETO<\/h4>\n\t\t\t\t\t<\/div>\n\t\t\t\t\t<div data-content>\n\t\t\t\t\t\t\t\t\t\t\t\t<div class=\"faq-content\"><p>N\u00e3o h\u00e1 informa\u00e7\u00f5es.<\/p>\n<\/div>\n\t\t\t\t\t<\/div>\n\t\t\t\t<\/div>\n\t\t\t\t\t<\/div>\n\t\n","protected":false},"excerpt":{"rendered":"","protected":false},"author":1,"featured_media":0,"parent":0,"menu_order":0,"comment_status":"closed","ping_status":"closed","template":"","meta":{"footnotes":""},"class_list":["post-332","page","type-page","status-publish","hentry"],"_links":{"self":[{"href":"https:\/\/rehabitare.direito.ufmg.br\/index.php?rest_route=\/wp\/v2\/pages\/332"}],"collection":[{"href":"https:\/\/rehabitare.direito.ufmg.br\/index.php?rest_route=\/wp\/v2\/pages"}],"about":[{"href":"https:\/\/rehabitare.direito.ufmg.br\/index.php?rest_route=\/wp\/v2\/types\/page"}],"author":[{"embeddable":true,"href":"https:\/\/rehabitare.direito.ufmg.br\/index.php?rest_route=\/wp\/v2\/users\/1"}],"replies":[{"embeddable":true,"href":"https:\/\/rehabitare.direito.ufmg.br\/index.php?rest_route=%2Fwp%2Fv2%2Fcomments&post=332"}],"version-history":[{"count":8,"href":"https:\/\/rehabitare.direito.ufmg.br\/index.php?rest_route=\/wp\/v2\/pages\/332\/revisions"}],"predecessor-version":[{"id":4667,"href":"https:\/\/rehabitare.direito.ufmg.br\/index.php?rest_route=\/wp\/v2\/pages\/332\/revisions\/4667"}],"wp:attachment":[{"href":"https:\/\/rehabitare.direito.ufmg.br\/index.php?rest_route=%2Fwp%2Fv2%2Fmedia&parent=332"}],"curies":[{"name":"wp","href":"https:\/\/api.w.org\/{rel}","templated":true}]}}