{"id":386,"date":"2018-01-17T14:50:39","date_gmt":"2018-01-17T16:50:39","guid":{"rendered":"http:\/\/150.164.250.80\/rehabitare\/?page_id=386"},"modified":"2018-04-03T16:03:39","modified_gmt":"2018-04-03T19:03:39","slug":"biblioteca","status":"publish","type":"page","link":"https:\/\/rehabitare.direito.ufmg.br\/?page_id=386","title":{"rendered":"Biblioteca"},"content":{"rendered":"<p style=\"text-align: justify;\"><span style=\"font-weight: 400;\">Na Biblioteca, disponibilizamos repert\u00f3rio bibliogr\u00e1fico relacionado \u00e0 tem\u00e1tica dessa plataforma, a moradia adequada.<\/span><\/p>\n<p style=\"text-align: justify;\"><span style=\"font-weight: 400;\">Para acessar, basta clicar no t\u00edtulo da refer\u00eancia e voc\u00ea ser\u00e1 direcionado \u00e0 p\u00e1gina onde ela est\u00e1 hospedada, pois o objetivo \u00e9 apenas indicar onde est\u00e3o textos e v\u00eddeos de interesse do pesquisador sem ferir os direitos autorais.<\/span><\/p>\n<p style=\"text-align: justify;\"><span style=\"font-weight: 400;\">Os itens da biblioteca est\u00e3o classificados em:<\/span><span style=\"font-weight: 400;\">\u00a0<\/span><a href=\"http:\/\/rehabitare.direito.ufmg.br\/?page_id=276\" target=\"_blank\" rel=\"noopener\"><span style=\"font-weight: 400;\">Artigos<\/span><\/a><span style=\"font-weight: 400;\">, <\/span><a href=\"http:\/\/rehabitare.direito.ufmg.br\/?page_id=278\"><span style=\"font-weight: 400;\">A\u00e7\u00f5es\/Recomenda\u00e7\u00f5es do Minist\u00e9rio P\u00fablico<\/span><\/a><span style=\"font-weight: 400;\">,\u00a0<a href=\"http:\/\/rehabitare.direito.ufmg.br\/?page_id=280\">Disserta\u00e7\u00f5es de Mestrado<\/a>,\u00a0<\/span><a href=\"http:\/\/rehabitare.direito.ufmg.br\/?page_id=282\" target=\"_blank\" rel=\"noopener\"><span style=\"font-weight: 400;\">Livros<\/span><\/a><span style=\"font-weight: 400;\">, <\/span><a href=\"http:\/\/rehabitare.direito.ufmg.br\/?page_id=284\"><span style=\"font-weight: 400;\">Monografias\/TCCs<\/span><\/a><span style=\"font-weight: 400;\">,<\/span><span style=\"font-weight: 400;\">\u00a0\u00a0<a href=\"http:\/\/rehabitare.direito.ufmg.br\/?page_id=286\">Peri\u00f3dicos<\/a>, <a href=\"http:\/\/rehabitare.direito.ufmg.br\/?page_id=290\" target=\"_blank\" rel=\"noopener\">Relat\u00f3rios<\/a>, \u00a0<\/span><a href=\"http:\/\/rehabitare.direito.ufmg.br\/?page_id=294\" target=\"_blank\" rel=\"noopener\"><span style=\"font-weight: 400;\">Teses de Doutorado<\/span><\/a> <span style=\"font-weight: 400;\">e\u00a0\u00a0<a href=\"http:\/\/rehabitare.direito.ufmg.br\/?page_id=292\" target=\"_blank\" rel=\"noopener\">V\u00eddeos.<\/a><\/span><\/p>\n","protected":false},"excerpt":{"rendered":"<p>Na Biblioteca, disponibilizamos repert\u00f3rio bibliogr\u00e1fico relacionado \u00e0 tem\u00e1tica dessa plataforma, a moradia adequada. Para acessar, basta clicar no t\u00edtulo da refer\u00eancia e voc\u00ea ser\u00e1 direcionado [&hellip;] <span class=\"read-more-link\"><a class=\"read-more\" href=\"https:\/\/rehabitare.direito.ufmg.br\/?page_id=386\">Read More<\/a><\/span><\/p>\n","protected":false},"author":1,"featured_media":0,"parent":0,"menu_order":0,"comment_status":"closed","ping_status":"closed","template":"","meta":{"footnotes":""},"class_list":["post-386","page","type-page","status-publish","hentry"],"_links":{"self":[{"href":"https:\/\/rehabitare.direito.ufmg.br\/index.php?rest_route=\/wp\/v2\/pages\/386"}],"collection":[{"href":"https:\/\/rehabitare.direito.ufmg.br\/index.php?rest_route=\/wp\/v2\/pages"}],"about":[{"href":"https:\/\/rehabitare.direito.ufmg.br\/index.php?rest_route=\/wp\/v2\/types\/page"}],"author":[{"embeddable":true,"href":"https:\/\/rehabitare.direito.ufmg.br\/index.php?rest_route=\/wp\/v2\/users\/1"}],"replies":[{"embeddable":true,"href":"https:\/\/rehabitare.direito.ufmg.br\/index.php?rest_route=%2Fwp%2Fv2%2Fcomments&post=386"}],"version-history":[{"count":8,"href":"https:\/\/rehabitare.direito.ufmg.br\/index.php?rest_route=\/wp\/v2\/pages\/386\/revisions"}],"predecessor-version":[{"id":414,"href":"https:\/\/rehabitare.direito.ufmg.br\/index.php?rest_route=\/wp\/v2\/pages\/386\/revisions\/414"}],"wp:attachment":[{"href":"https:\/\/rehabitare.direito.ufmg.br\/index.php?rest_route=%2Fwp%2Fv2%2Fmedia&parent=386"}],"curies":[{"name":"wp","href":"https:\/\/api.w.org\/{rel}","templated":true}]}}