{"id":689,"date":"2018-03-19T17:02:04","date_gmt":"2018-03-19T20:02:04","guid":{"rendered":"http:\/\/rehabitare.direito.ufmg.br\/?page_id=689"},"modified":"2018-04-19T12:37:36","modified_gmt":"2018-04-19T15:37:36","slug":"regularizacao-fundiaria","status":"publish","type":"page","link":"https:\/\/rehabitare.direito.ufmg.br\/?page_id=689","title":{"rendered":"Regulariza\u00e7\u00e3o Fundi\u00e1ria"},"content":{"rendered":"<p style=\"text-align: justify;\">A Regulariza\u00e7\u00e3o Fundi\u00e1ria Urbana (Reurb), a qual abrange medidas jur\u00eddicas, urban\u00edsticas, ambientais e sociais destinadas \u00e0 incorpora\u00e7\u00e3o dos n\u00facleos urbanos informais ao ordenamento territorial urbano e \u00e0 titula\u00e7\u00e3o de seus ocupantes.<\/p>\n<p>\u00cdntegra:\u00a0<a href=\"http:\/\/www.planalto.gov.br\/ccivil_03\/_ato2015-2018\/2017\/lei\/l13465.htm\" target=\"_blank\" rel=\"noopener\">Art. 11 da Lei 13.465\/17.<\/a><\/p>\n","protected":false},"excerpt":{"rendered":"<p>A Regulariza\u00e7\u00e3o Fundi\u00e1ria Urbana (Reurb), a qual abrange medidas jur\u00eddicas, urban\u00edsticas, ambientais e sociais destinadas \u00e0 incorpora\u00e7\u00e3o dos n\u00facleos urbanos informais ao ordenamento territorial urbano [&hellip;] <span class=\"read-more-link\"><a class=\"read-more\" href=\"https:\/\/rehabitare.direito.ufmg.br\/?page_id=689\">Read More<\/a><\/span><\/p>\n","protected":false},"author":1,"featured_media":0,"parent":0,"menu_order":0,"comment_status":"closed","ping_status":"closed","template":"","meta":{"footnotes":""},"class_list":["post-689","page","type-page","status-publish","hentry"],"_links":{"self":[{"href":"https:\/\/rehabitare.direito.ufmg.br\/index.php?rest_route=\/wp\/v2\/pages\/689"}],"collection":[{"href":"https:\/\/rehabitare.direito.ufmg.br\/index.php?rest_route=\/wp\/v2\/pages"}],"about":[{"href":"https:\/\/rehabitare.direito.ufmg.br\/index.php?rest_route=\/wp\/v2\/types\/page"}],"author":[{"embeddable":true,"href":"https:\/\/rehabitare.direito.ufmg.br\/index.php?rest_route=\/wp\/v2\/users\/1"}],"replies":[{"embeddable":true,"href":"https:\/\/rehabitare.direito.ufmg.br\/index.php?rest_route=%2Fwp%2Fv2%2Fcomments&post=689"}],"version-history":[{"count":3,"href":"https:\/\/rehabitare.direito.ufmg.br\/index.php?rest_route=\/wp\/v2\/pages\/689\/revisions"}],"predecessor-version":[{"id":1266,"href":"https:\/\/rehabitare.direito.ufmg.br\/index.php?rest_route=\/wp\/v2\/pages\/689\/revisions\/1266"}],"wp:attachment":[{"href":"https:\/\/rehabitare.direito.ufmg.br\/index.php?rest_route=%2Fwp%2Fv2%2Fmedia&parent=689"}],"curies":[{"name":"wp","href":"https:\/\/api.w.org\/{rel}","templated":true}]}}